{"id":3256,"date":"2024-07-15T10:53:30","date_gmt":"2024-07-15T10:53:30","guid":{"rendered":"https:\/\/weissmanfred.hu\/?page_id=3256"},"modified":"2024-07-15T10:58:12","modified_gmt":"2024-07-15T10:58:12","slug":"termelesprogramozo-termelestervezo","status":"publish","type":"page","link":"https:\/\/www.weissmanfred.hu\/de\/termelesprogramozo-termelestervezo\/","title":{"rendered":"Termel\u00e9sprogramoz\u00f3 &#8211; Termel\u00e9stervez\u0151"},"content":{"rendered":"<p>[et_pb_section fb_built=&#8221;1&#8243; admin_label=&#8221;Feature &#8211; Image Left&#8221; _builder_version=&#8221;4.16&#8243; custom_margin=&#8221;-36px|||||&#8221; custom_padding=&#8221;159px|0px|100px|0px||&#8221; global_colors_info=&#8221;{}&#8221; theme_builder_area=&#8221;post_content&#8221;][et_pb_row _builder_version=&#8221;4.20.4&#8243; _module_preset=&#8221;default&#8221; custom_padding=&#8221;15px|||||&#8221; global_colors_info=&#8221;{}&#8221; theme_builder_area=&#8221;post_content&#8221;][et_pb_column type=&#8221;4_4&#8243; _builder_version=&#8221;4.20.4&#8243; _module_preset=&#8221;default&#8221; global_colors_info=&#8221;{}&#8221; theme_builder_area=&#8221;post_content&#8221;][et_pb_text _builder_version=&#8221;4.24.3&#8243; _module_preset=&#8221;default&#8221; hover_enabled=&#8221;0&#8243; global_colors_info=&#8221;{}&#8221; theme_builder_area=&#8221;post_content&#8221; sticky_enabled=&#8221;0&#8243;]<\/p>\n<h1 style=\"text-align: center;\"><\/h1>\n<h1 style=\"text-align: center;\">Termel\u00e9sprogramoz\u00f3 &#8211; Termel\u00e9stervez\u0151<\/h1>\n<p>&nbsp;<\/p>\n<p>&nbsp;<\/p>\n<h3><\/h3>\n<h3>F\u0151bb feladatok, munk\u00e1k:<\/h3>\n<p>&nbsp;<\/p>\n<ul>\n<li>A heti \u00e9s a napi termel\u00e9si tervek elk\u00e9sz\u00edt\u00e9se a rendel\u00e9s\u00e1llom\u00e1ny, valamint a rendelkez\u00e9sre \u00e1ll\u00f3 er\u0151forr\u00e1sok, kapacit\u00e1sok figyelembev\u00e9tel\u00e9vel<\/li>\n<li>Napi termel\u00e9si program \u2013 magk\u00e9sz\u00edt\u00e9s, form\u00e1z\u00e1s, \u00f6sszerak\u00e1s\u00a0 \u2013 kiad\u00e1sa<\/li>\n<li>A megval\u00f3sult teljes\u00edt\u00e9sek nyomon k\u00f6vet\u00e9se<\/li>\n<li>Akt\u00edv r\u00e9szv\u00e9tel a napi \u00e9s heti termel\u00e9si megbesz\u00e9l\u00e9seken<\/li>\n<li>Napi szint\u0171 kapcsolattart\u00e1s a v\u00e1llalaton bel\u00fcli t\u00e1rsoszt\u00e1lyokkal<\/li>\n<\/ul>\n<ul><\/ul>\n<h3><\/h3>\n<h3><\/h3>\n<h3>Az \u00e1ll\u00e1shoz tartoz\u00f3 elv\u00e1r\u00e1sok:<\/h3>\n<p>&nbsp;<\/p>\n<ul>\n<li>Fels\u0151fok\u00fa\u00a0 m\u0171szaki v\u00e9gzetts\u00e9g<\/li>\n<li>P\u00e1lyakezd\u0151k, illetve nem nappali tagozatos hallgat\u00f3k jelentkez\u00e9s\u00e9t is v\u00e1rjuk<\/li>\n<li>Felhaszn\u00e1l\u00f3i szint\u0171 sz\u00e1m\u00edt\u00f3g\u00e9pes ismeretek \u2013 k\u00fcl\u00f6n\u00f6s tekintettel az\u00a0 Excel magabiztos ismerete<\/li>\n<li>Analitikus gondolkod\u00e1s<\/li>\n<li>Pontos, prec\u00edz, megb\u00edzhat\u00f3 munkav\u00e9gz\u00e9s<\/li>\n<\/ul>\n<p>&nbsp;<\/p>\n<h3>Az \u00e1ll\u00e1s bet\u00f6lt\u00e9s\u00e9hez el\u0151nyt jelent:<\/h3>\n<p>&nbsp;<\/p>\n<ul>\n<li>Valamely termel\u00e9s-ir\u00e1ny\u00edt\u00e1si rendszer (szoftver) ismerete<\/li>\n<li>Termel\u00e9si k\u00f6rnyezetben szerzett szakmai tapasztalat<\/li>\n<li>Anyagm\u00e9rn\u00f6k, koh\u00f3m\u00e9rn\u00f6k, vagy g\u00e9p\u00e9szm\u00e9rn\u00f6k v\u00e9gzetts\u00e9g<\/li>\n<li>Angol nyelvtud\u00e1s<\/li>\n<li>Csepeli lakos<\/li>\n<\/ul>\n<p>&nbsp;<\/p>\n<h3>Amit k\u00edn\u00e1lunk:<\/h3>\n<p>&nbsp;<\/p>\n<ul>\n<li>Versenyk\u00e9pes fizet\u00e9s<\/li>\n<li>Stabil, magyar tulajdonosi h\u00e1tt\u00e9r<\/li>\n<li>Szakmai fejl\u0151d\u00e9si lehet\u0151s\u00e9g<\/li>\n<li>\u00d6sszetart\u00f3 k\u00f6z\u00f6ss\u00e9g<\/li>\n<\/ul>\n<p>&nbsp;<\/p>\n<p>&nbsp;<\/p>\n<p>[\/et_pb_text][\/et_pb_column][\/et_pb_row][\/et_pb_section][et_pb_section fb_built=&#8221;1&#8243; _builder_version=&#8221;4.16&#8243; background_color=&#8221;#FFFFFF&#8221; use_background_color_gradient=&#8221;on&#8221; background_color_gradient_type=&#8221;circular&#8221; background_color_gradient_direction_radial=&#8221;bottom right&#8221; background_color_gradient_stops=&#8221;#08110d 0%|rgba(22,12,17,0.23) 100%&#8221; background_color_gradient_start=&#8221;#08110d&#8221; background_color_gradient_end=&#8221;rgba(22,12,17,0.23)&#8221; min_height=&#8221;608.6px&#8221; custom_margin=&#8221;-16px|||||&#8221; custom_padding=&#8221;59px|0px|59px|0px|true|false&#8221; global_colors_info=&#8221;{}&#8221; theme_builder_area=&#8221;post_content&#8221;][et_pb_row column_structure=&#8221;1_2,1_2&#8243; _builder_version=&#8221;4.16&#8243; custom_padding=&#8221;94px|||||&#8221; global_colors_info=&#8221;{}&#8221; theme_builder_area=&#8221;post_content&#8221;][et_pb_column type=&#8221;1_2&#8243; _builder_version=&#8221;4.16&#8243; custom_padding=&#8221;|||&#8221; global_colors_info=&#8221;{}&#8221; custom_padding__hover=&#8221;|||&#8221; theme_builder_area=&#8221;post_content&#8221;][et_pb_contact_form email=&#8221;viktoria.gorog@weissmanfred.hu&#8221; admin_label=&#8221;Contact Form &#8211; class .de-contact-form&#8221; module_class=&#8221;de-contact-form&#8221; _builder_version=&#8221;4.20.4&#8243; _unique_id=&#8221;f8268b32-9fb8-4297-9af2-9d1104e7c483&#8243; custom_button=&#8221;on&#8221; button_text_color=&#8221;#ffffff&#8221; button_font=&#8221;||||||||&#8221; link_option_url=&#8221;https:\/\/weissmanfred.hu\/adatvedelem\/&#8221; global_colors_info=&#8221;{}&#8221; theme_builder_area=&#8221;post_content&#8221;][et_pb_contact_field field_id=&#8221;Name&#8221; field_title=&#8221;N\u00e9v&#8221; fullwidth_field=&#8221;on&#8221; _builder_version=&#8221;4.16&#8243; global_colors_info=&#8221;{}&#8221; button_text_size__hover_enabled=&#8221;off&#8221; button_one_text_size__hover_enabled=&#8221;off&#8221; button_two_text_size__hover_enabled=&#8221;off&#8221; button_text_color__hover_enabled=&#8221;off&#8221; button_one_text_color__hover_enabled=&#8221;off&#8221; button_two_text_color__hover_enabled=&#8221;off&#8221; button_border_width__hover_enabled=&#8221;off&#8221; button_one_border_width__hover_enabled=&#8221;off&#8221; button_two_border_width__hover_enabled=&#8221;off&#8221; button_border_color__hover_enabled=&#8221;off&#8221; button_one_border_color__hover_enabled=&#8221;off&#8221; button_two_border_color__hover_enabled=&#8221;off&#8221; button_border_radius__hover_enabled=&#8221;off&#8221; button_one_border_radius__hover_enabled=&#8221;off&#8221; button_two_border_radius__hover_enabled=&#8221;off&#8221; button_letter_spacing__hover_enabled=&#8221;off&#8221; button_one_letter_spacing__hover_enabled=&#8221;off&#8221; button_two_letter_spacing__hover_enabled=&#8221;off&#8221; button_bg_color__hover_enabled=&#8221;off&#8221; button_one_bg_color__hover_enabled=&#8221;off&#8221; button_two_bg_color__hover_enabled=&#8221;off&#8221; theme_builder_area=&#8221;post_content&#8221;][\/et_pb_contact_field][et_pb_contact_field field_id=&#8221;Email&#8221; field_title=&#8221;Email c\u00edm&#8221; field_type=&#8221;email&#8221; fullwidth_field=&#8221;on&#8221; _builder_version=&#8221;4.16&#8243; global_colors_info=&#8221;{}&#8221; button_text_size__hover_enabled=&#8221;off&#8221; button_one_text_size__hover_enabled=&#8221;off&#8221; button_two_text_size__hover_enabled=&#8221;off&#8221; button_text_color__hover_enabled=&#8221;off&#8221; button_one_text_color__hover_enabled=&#8221;off&#8221; button_two_text_color__hover_enabled=&#8221;off&#8221; button_border_width__hover_enabled=&#8221;off&#8221; button_one_border_width__hover_enabled=&#8221;off&#8221; button_two_border_width__hover_enabled=&#8221;off&#8221; button_border_color__hover_enabled=&#8221;off&#8221; button_one_border_color__hover_enabled=&#8221;off&#8221; button_two_border_color__hover_enabled=&#8221;off&#8221; button_border_radius__hover_enabled=&#8221;off&#8221; button_one_border_radius__hover_enabled=&#8221;off&#8221; button_two_border_radius__hover_enabled=&#8221;off&#8221; button_letter_spacing__hover_enabled=&#8221;off&#8221; button_one_letter_spacing__hover_enabled=&#8221;off&#8221; button_two_letter_spacing__hover_enabled=&#8221;off&#8221; button_bg_color__hover_enabled=&#8221;off&#8221; button_one_bg_color__hover_enabled=&#8221;off&#8221; button_two_bg_color__hover_enabled=&#8221;off&#8221; theme_builder_area=&#8221;post_content&#8221;][\/et_pb_contact_field][et_pb_contact_field field_id=&#8221;tel&#8221; field_title=&#8221;Telefon&#8221; required_mark=&#8221;off&#8221; fullwidth_field=&#8221;on&#8221; _builder_version=&#8221;4.20.4&#8243; global_colors_info=&#8221;{}&#8221; button_text_size__hover_enabled=&#8221;off&#8221; button_one_text_size__hover_enabled=&#8221;off&#8221; button_two_text_size__hover_enabled=&#8221;off&#8221; button_text_color__hover_enabled=&#8221;off&#8221; button_one_text_color__hover_enabled=&#8221;off&#8221; button_two_text_color__hover_enabled=&#8221;off&#8221; button_border_width__hover_enabled=&#8221;off&#8221; button_one_border_width__hover_enabled=&#8221;off&#8221; button_two_border_width__hover_enabled=&#8221;off&#8221; button_border_color__hover_enabled=&#8221;off&#8221; button_one_border_color__hover_enabled=&#8221;off&#8221; button_two_border_color__hover_enabled=&#8221;off&#8221; button_border_radius__hover_enabled=&#8221;off&#8221; button_one_border_radius__hover_enabled=&#8221;off&#8221; button_two_border_radius__hover_enabled=&#8221;off&#8221; button_letter_spacing__hover_enabled=&#8221;off&#8221; button_one_letter_spacing__hover_enabled=&#8221;off&#8221; button_two_letter_spacing__hover_enabled=&#8221;off&#8221; button_bg_color__hover_enabled=&#8221;off&#8221; button_one_bg_color__hover_enabled=&#8221;off&#8221; button_two_bg_color__hover_enabled=&#8221;off&#8221; theme_builder_area=&#8221;post_content&#8221;][\/et_pb_contact_field][et_pb_contact_field field_id=&#8221;tel_2&#8243; field_title=&#8221;Poz\u00edci\u00f3&#8221; required_mark=&#8221;off&#8221; fullwidth_field=&#8221;on&#8221; _builder_version=&#8221;4.20.4&#8243; global_colors_info=&#8221;{}&#8221; button_text_size__hover_enabled=&#8221;off&#8221; button_one_text_size__hover_enabled=&#8221;off&#8221; button_two_text_size__hover_enabled=&#8221;off&#8221; button_text_color__hover_enabled=&#8221;off&#8221; button_one_text_color__hover_enabled=&#8221;off&#8221; button_two_text_color__hover_enabled=&#8221;off&#8221; button_border_width__hover_enabled=&#8221;off&#8221; button_one_border_width__hover_enabled=&#8221;off&#8221; button_two_border_width__hover_enabled=&#8221;off&#8221; button_border_color__hover_enabled=&#8221;off&#8221; button_one_border_color__hover_enabled=&#8221;off&#8221; button_two_border_color__hover_enabled=&#8221;off&#8221; button_border_radius__hover_enabled=&#8221;off&#8221; button_one_border_radius__hover_enabled=&#8221;off&#8221; button_two_border_radius__hover_enabled=&#8221;off&#8221; button_letter_spacing__hover_enabled=&#8221;off&#8221; button_one_letter_spacing__hover_enabled=&#8221;off&#8221; button_two_letter_spacing__hover_enabled=&#8221;off&#8221; button_bg_color__hover_enabled=&#8221;off&#8221; button_one_bg_color__hover_enabled=&#8221;off&#8221; button_two_bg_color__hover_enabled=&#8221;off&#8221; theme_builder_area=&#8221;post_content&#8221;][\/et_pb_contact_field][et_pb_contact_field field_id=&#8221;Message&#8221; field_title=&#8221;Bemutatkoz\u00e1s p\u00e1r mondatban:&#8221; field_type=&#8221;text&#8221; fullwidth_field=&#8221;on&#8221; _builder_version=&#8221;4.20.4&#8243; global_colors_info=&#8221;{}&#8221; button_text_size__hover_enabled=&#8221;off&#8221; button_one_text_size__hover_enabled=&#8221;off&#8221; button_two_text_size__hover_enabled=&#8221;off&#8221; button_text_color__hover_enabled=&#8221;off&#8221; button_one_text_color__hover_enabled=&#8221;off&#8221; button_two_text_color__hover_enabled=&#8221;off&#8221; button_border_width__hover_enabled=&#8221;off&#8221; button_one_border_width__hover_enabled=&#8221;off&#8221; button_two_border_width__hover_enabled=&#8221;off&#8221; button_border_color__hover_enabled=&#8221;off&#8221; button_one_border_color__hover_enabled=&#8221;off&#8221; button_two_border_color__hover_enabled=&#8221;off&#8221; button_border_radius__hover_enabled=&#8221;off&#8221; button_one_border_radius__hover_enabled=&#8221;off&#8221; button_two_border_radius__hover_enabled=&#8221;off&#8221; button_letter_spacing__hover_enabled=&#8221;off&#8221; button_one_letter_spacing__hover_enabled=&#8221;off&#8221; button_two_letter_spacing__hover_enabled=&#8221;off&#8221; button_bg_color__hover_enabled=&#8221;off&#8221; button_one_bg_color__hover_enabled=&#8221;off&#8221; button_two_bg_color__hover_enabled=&#8221;off&#8221; theme_builder_area=&#8221;post_content&#8221;][\/et_pb_contact_field][et_pb_contact_field field_id=&#8221;Adatv\u00e9delem&#8221; field_title=&#8221;Adatv\u00e9delem&#8221; field_type=&#8221;checkbox&#8221; checkbox_options=&#8221;%91{%22value%22:%22Elolvastam \u00e9s elfogadom az adatv\u00e9delmi nyilatkozatot. %22,%22checked%22:0,%22dragID%22:-1,%22link_url%22:%22https:\/\/weissmanfred.hu\/adatvedelem\/%22}%93&#8243; fullwidth_field=&#8221;on&#8221; _builder_version=&#8221;4.16&#8243; link_option_url=&#8221;https:\/\/weissmanfred.hu\/adatvedelem\/&#8221; link_option_url_new_window=&#8221;on&#8221; global_colors_info=&#8221;{}&#8221; theme_builder_area=&#8221;post_content&#8221;][\/et_pb_contact_field][\/et_pb_contact_form][\/et_pb_column][et_pb_column type=&#8221;1_2&#8243; _builder_version=&#8221;4.16&#8243; custom_padding=&#8221;|||&#8221; global_colors_info=&#8221;{}&#8221; custom_padding__hover=&#8221;|||&#8221; theme_builder_area=&#8221;post_content&#8221;][et_pb_cta title=&#8221;V\u00e1rjuk jelentkez\u00e9s\u00e9t!&#8221; button_text=&#8221;Kattint\u00e1sok&#8221; _builder_version=&#8221;4.20.4&#8243; _module_preset=&#8221;default&#8221; min_height=&#8221;351.7px&#8221; custom_margin=&#8221;||88px|||&#8221; custom_padding=&#8221;||119px|||&#8221; global_colors_info=&#8221;{}&#8221; theme_builder_area=&#8221;post_content&#8221;]<\/p>\n<p><em><strong><\/strong><\/em><\/p>\n<p>&nbsp;<\/p>\n<p>Durch Ausf\u00fcllen des untenstehenden Formulars k\u00f6nnen Sie Kontakt mit der Personalabteilung des Unternehmens aufnehmen.<\/p>\n<p>Bitte senden Sie Ihre Nachricht und Kontaktdaten, wir rufen Sie zur\u00fcck!\u00a0<\/p>\n<p>&nbsp;<\/p>\n<p>[\/et_pb_cta][\/et_pb_column][\/et_pb_row][et_pb_row column_structure=&#8221;1_2,1_2&#8243; _builder_version=&#8221;4.20.4&#8243; _module_preset=&#8221;default&#8221; global_colors_info=&#8221;{}&#8221; theme_builder_area=&#8221;post_content&#8221;][et_pb_column type=&#8221;1_2&#8243; _builder_version=&#8221;4.20.4&#8243; _module_preset=&#8221;default&#8221; global_colors_info=&#8221;{}&#8221; theme_builder_area=&#8221;post_content&#8221;][\/et_pb_column][et_pb_column type=&#8221;1_2&#8243; _builder_version=&#8221;4.20.4&#8243; _module_preset=&#8221;default&#8221; global_colors_info=&#8221;{}&#8221; theme_builder_area=&#8221;post_content&#8221;][\/et_pb_column][\/et_pb_row][\/et_pb_section]<\/p>","protected":false},"excerpt":{"rendered":"<p>Termel\u00e9sprogramoz\u00f3 &#8211; Termel\u00e9stervez\u0151 &nbsp; &nbsp; F\u0151bb feladatok, munk\u00e1k: &nbsp; A heti \u00e9s a napi termel\u00e9si tervek elk\u00e9sz\u00edt\u00e9se a rendel\u00e9s\u00e1llom\u00e1ny, valamint a rendelkez\u00e9sre \u00e1ll\u00f3 er\u0151forr\u00e1sok, kapacit\u00e1sok figyelembev\u00e9tel\u00e9vel Napi termel\u00e9si program \u2013 magk\u00e9sz\u00edt\u00e9s, form\u00e1z\u00e1s, \u00f6sszerak\u00e1s\u00a0 \u2013 kiad\u00e1sa A megval\u00f3sult teljes\u00edt\u00e9sek nyomon k\u00f6vet\u00e9se Akt\u00edv r\u00e9szv\u00e9tel a napi \u00e9s heti termel\u00e9si megbesz\u00e9l\u00e9seken Napi szint\u0171 kapcsolattart\u00e1s a v\u00e1llalaton bel\u00fcli t\u00e1rsoszt\u00e1lyokkal [&hellip;]<\/p>","protected":false},"author":1,"featured_media":0,"parent":0,"menu_order":0,"comment_status":"closed","ping_status":"closed","template":"","meta":{"_et_pb_use_builder":"on","_et_pb_old_content":"","_et_gb_content_width":"","footnotes":""},"class_list":["post-3256","page","type-page","status-publish","hentry"],"_links":{"self":[{"href":"https:\/\/www.weissmanfred.hu\/de\/wp-json\/wp\/v2\/pages\/3256","targetHints":{"allow":["GET"]}}],"collection":[{"href":"https:\/\/www.weissmanfred.hu\/de\/wp-json\/wp\/v2\/pages"}],"about":[{"href":"https:\/\/www.weissmanfred.hu\/de\/wp-json\/wp\/v2\/types\/page"}],"author":[{"embeddable":true,"href":"https:\/\/www.weissmanfred.hu\/de\/wp-json\/wp\/v2\/users\/1"}],"replies":[{"embeddable":true,"href":"https:\/\/www.weissmanfred.hu\/de\/wp-json\/wp\/v2\/comments?post=3256"}],"version-history":[{"count":4,"href":"https:\/\/www.weissmanfred.hu\/de\/wp-json\/wp\/v2\/pages\/3256\/revisions"}],"predecessor-version":[{"id":3261,"href":"https:\/\/www.weissmanfred.hu\/de\/wp-json\/wp\/v2\/pages\/3256\/revisions\/3261"}],"wp:attachment":[{"href":"https:\/\/www.weissmanfred.hu\/de\/wp-json\/wp\/v2\/media?parent=3256"}],"curies":[{"name":"wp","href":"https:\/\/api.w.org\/{rel}","templated":true}]}}