{"id":593,"date":"2019-03-30T18:25:38","date_gmt":"2019-03-30T18:25:38","guid":{"rendered":"https:\/\/demo.hellowp.io\/20\/?page_id=17316"},"modified":"2023-04-17T09:14:32","modified_gmt":"2023-04-17T09:14:32","slug":"palyazat","status":"publish","type":"page","link":"https:\/\/www.weissmanfred.hu\/de\/palyazat\/","title":{"rendered":"P\u00e1ly\u00e1za"},"content":{"rendered":"<p>[et_pb_section fb_built=&#8221;1&#8243; _builder_version=&#8221;4.16&#8243; background_image=&#8221;https:\/\/weissmanfred.hu\/wp-content\/uploads\/2021\/10\/proba2.png&#8221; custom_padding=&#8221;35px|0px|0|0px|false|false&#8221; global_colors_info=&#8221;{}&#8221;][et_pb_row _builder_version=&#8221;4.16&#8243; custom_padding=&#8221;27px|0px|0|0px|false|false&#8221; global_colors_info=&#8221;{}&#8221;][et_pb_column type=&#8221;4_4&#8243; _builder_version=&#8221;4.16&#8243; custom_padding=&#8221;|||&#8221; global_colors_info=&#8221;{}&#8221; custom_padding__hover=&#8221;|||&#8221;][et_pb_text _builder_version=&#8221;4.16&#8243; text_font=&#8221;||||||||&#8221; text_text_color=&#8221;#cc2002&#8243; text_font_size=&#8221;20px&#8221; header_font=&#8221;||||||||&#8221; header_text_color=&#8221;#ffffff&#8221; header_font_size=&#8221;45px&#8221; custom_padding=&#8221;||133px|||&#8221; global_colors_info=&#8221;{}&#8221; custom_margin=&#8221;||-25px|||&#8221;]<\/p>\n<h1>Subventionen<\/h1>\n<p>Weiss Manfr\u00e9d Holding Kft<\/p>\n<p>&nbsp;<\/p>\n<p>[\/et_pb_text][\/et_pb_column][\/et_pb_row][\/et_pb_section][et_pb_section fb_built=&#8221;1&#8243; _builder_version=&#8221;4.16&#8243; use_background_color_gradient=&#8221;on&#8221; background_color_gradient_stops=&#8221;#f4f4f4 0%|#afafaf 100%&#8221; background_color_gradient_start=&#8221;#f4f4f4&#8243; background_color_gradient_end=&#8221;#afafaf&#8221; min_height=&#8221;1188.7px&#8221; custom_padding=&#8221;28px|0px|28px|0px|true|false&#8221; global_colors_info=&#8221;{}&#8221;][et_pb_row column_structure=&#8221;1_2,1_2&#8243; _builder_version=&#8221;4.16&#8243; global_colors_info=&#8221;{}&#8221;][et_pb_column type=&#8221;1_2&#8243; _builder_version=&#8221;4.16&#8243; custom_padding=&#8221;|||&#8221; global_colors_info=&#8221;{}&#8221; custom_padding__hover=&#8221;|||&#8221;][et_pb_text _builder_version=&#8221;4.16&#8243; text_font=&#8221;Nunito Sans||||||||&#8221; text_text_color=&#8221;#000000&#8243; text_font_size=&#8221;16px&#8221; text_line_height=&#8221;1.8em&#8221; header_font=&#8221;Nunito Sans|700|||||||&#8221; header_text_align=&#8221;center&#8221; header_text_color=&#8221;#000000&#8243; header_line_height=&#8221;1.3em&#8221; text_orientation=&#8221;center&#8221; max_width=&#8221;100%&#8221; module_alignment=&#8221;center&#8221; custom_margin=&#8221;|-54px||||&#8221; custom_padding=&#8221;|0px||||&#8221; global_colors_info=&#8221;{}&#8221;]<\/p>\n<h1>Unsere Bewerbungen haben gewonnen<\/h1>\n<p>&nbsp;<\/p>\n<h5><strong>Die Bewerbung VEKOP -1.2.6-20-2020-01421  hat einen  70%-igen, vertraglich vereinbarten Zuschuss von 53,67 Mio. HUF bereitstgestellt f\u00fcr <\/strong><strong>die Fa. Csepel Metall Eisengiesserei.\u00a0\u00a0<\/strong><\/h5>\n<p><strong><\/strong><\/p>\n<h4><span>Abschluss des Projekts 23.08.2021.<\/span><\/h4>\n<p>[\/et_pb_text][et_pb_divider divider_weight=&#8221;4px&#8221; _builder_version=&#8221;4.16&#8243; _module_preset=&#8221;default&#8221; custom_margin=&#8221;64px|-543px||||&#8221; custom_padding=&#8221;|0px|11px|||&#8221; box_shadow_style=&#8221;preset2&#8243; global_colors_info=&#8221;{}&#8221;][\/et_pb_divider][\/et_pb_column][et_pb_column type=&#8221;1_2&#8243; _builder_version=&#8221;4.16&#8243; custom_padding=&#8221;|||&#8221; global_colors_info=&#8221;{}&#8221; custom_padding__hover=&#8221;|||&#8221;][et_pb_image src=&#8221;https:\/\/weissmanfred.hu\/wp-content\/uploads\/2021\/11\/C-tabla&#8211;scaled-e1637575189479.jpg&#8221; title_text=&#8221;C t\u00e1bla&#8221; _builder_version=&#8221;4.16&#8243; _module_preset=&#8221;default&#8221; global_colors_info=&#8221;{}&#8221;][\/et_pb_image][\/et_pb_column][\/et_pb_row][et_pb_row _builder_version=&#8221;4.16&#8243; _module_preset=&#8221;default&#8221; global_colors_info=&#8221;{}&#8221;][et_pb_column type=&#8221;4_4&#8243; _builder_version=&#8221;4.16&#8243; _module_preset=&#8221;default&#8221; global_colors_info=&#8221;{}&#8221;][et_pb_text _builder_version=&#8221;4.16&#8243; text_font=&#8221;Nunito Sans||||||||&#8221; text_text_color=&#8221;#000000&#8243; text_font_size=&#8221;16px&#8221; text_line_height=&#8221;1.8em&#8221; header_font=&#8221;Nunito Sans|700|||||||&#8221; header_text_align=&#8221;center&#8221; header_text_color=&#8221;#000000&#8243; header_line_height=&#8221;1.3em&#8221; text_orientation=&#8221;center&#8221; max_width=&#8221;100%&#8221; module_alignment=&#8221;center&#8221; custom_margin=&#8221;|-36px||205px||&#8221; custom_padding=&#8221;0px|0px||||&#8221; global_colors_info=&#8221;{}&#8221;]<\/p>\n<p>&nbsp;<\/p>\n<h4>Entwicklung Giesstechnologie bei der Fa. Csepel Metall Eisengiesserei Gesellschaft<\/h4>\n<p>&nbsp;<\/p>\n<p>Sunbvention Nr VEKOP -1.2.6-20-2020-01421<\/p>\n<p>Bei der Umsetzung des Projektes haben wir uns zum Ziel gesetzt, unsere zuk\u00fcnftige Marktposition zu st\u00e4rken und die Betriebssicherheit zu erh\u00f6hen<\/p>\n<p>Mit der Gabelstapler LINDE H 50 D transportieren wir ausschlie\u00dflich Fl\u00fcssigguss und stellen so eine kontinuierliche Produktion sicher.<\/p>\n<p>Durch den Einsatz des optischen 3D-Messger\u00e4tes CREAFORM Matrascan 750 hat sich das Vertrauen unserer Kunden in unsere Produkte wesentlich erh\u00f6ht. Wir k\u00f6nnen die Ma\u00dfe und Formtreue der hergestellten Produkte besser \u00fcberpr\u00fcfen.<\/p>\n<p>Durch die Erweiterung der Kapazit\u00e4t der Strahlanlage HC-2500 ist es uns m\u00f6glich, Gussteile zu putzen, die wir bisher nicht durchf\u00fchren konnten. Dies sind in der Regel Gussteile von gro\u00dfen Abmessungen und daher vonm hohen Gewicht.<\/p>\n<p><span style=\"font-weight: 400;\">Unsere neue Software st\u00e4rken auch unser Qualit\u00e4tssicherungssystem. Diese Software erm\u00f6glichen die Inspektion und Bewertung von Gef\u00fcge und Mechanik unserer Gussteile. Dabei handelt es sich um hochmoderne Auswertesoftware, die menschliche Fehler ausschlie\u00dfen k\u00f6nnen.<\/span><\/p>\n<p>[\/et_pb_text][\/et_pb_column][\/et_pb_row][et_pb_row column_structure=&#8221;1_5,1_5,1_5,1_5,1_5&#8243; use_custom_gutter=&#8221;on&#8221; gutter_width=&#8221;1&#8243; module_class=&#8221; et_pb_row_fullwidth&#8221; _builder_version=&#8221;4.16&#8243; width=&#8221;100%&#8221; width_tablet=&#8221;100%&#8221; width_phone=&#8221;&#8221; width_last_edited=&#8221;on|desktop&#8221; max_width=&#8221;100%&#8221; max_width_tablet=&#8221;100%&#8221; max_width_phone=&#8221;&#8221; max_width_last_edited=&#8221;on|desktop&#8221; custom_padding=&#8221;||25px|||&#8221; border_width_left=&#8221;7px&#8221; border_color_left=&#8221;#ffffff&#8221; make_fullwidth=&#8221;on&#8221; global_colors_info=&#8221;{}&#8221;][et_pb_column type=&#8221;1_5&#8243; _builder_version=&#8221;4.16&#8243; custom_padding=&#8221;|||&#8221; global_colors_info=&#8221;{}&#8221; custom_padding__hover=&#8221;|||&#8221;][et_pb_image src=&#8221;https:\/\/weissmanfred.hu\/wp-content\/uploads\/2021\/09\/Targonca&#8211;rotated.jpg&#8221; title_text=&#8221;Targonca-&#8221; show_in_lightbox=&#8221;on&#8221; align_tablet=&#8221;center&#8221; align_phone=&#8221;&#8221; align_last_edited=&#8221;on|desktop&#8221; _builder_version=&#8221;4.16&#8243; custom_padding=&#8221;||&#8221; border_width_right=&#8221;7px&#8221; border_color_right=&#8221;#ffffff&#8221; global_colors_info=&#8221;{}&#8221;][\/et_pb_image][et_pb_text _builder_version=&#8221;4.16&#8243; _module_preset=&#8221;default&#8221; width=&#8221;95.3%&#8221; module_alignment=&#8221;center&#8221; custom_margin=&#8221;10px|0px|0px|0px|false|false&#8221; custom_padding=&#8221;|30px||15px|false|false&#8221; box_shadow_style=&#8221;preset3&#8243; global_colors_info=&#8221;{}&#8221;]<\/p>\n<h5 style=\"text-align: left;\"><\/h5>\n<h5 style=\"text-align: left;\"><strong>\u00a0Gabelstapler<\/strong><\/h5>\n<p style=\"text-align: left;\">Ankauf eines 5-Tonnen-Gabelstaplers LINDE H 50 D Diesel.<\/p>\n<p style=\"text-align: left;\">Mit dem Gabelstapler wird das fl\u00fcssige Metall von der Schmelzanlage zum Gie\u00dfort transportiert.<\/p>\n<p>[\/et_pb_text][\/et_pb_column][et_pb_column type=&#8221;1_5&#8243; _builder_version=&#8221;4.16&#8243; custom_padding=&#8221;|||&#8221; global_colors_info=&#8221;{}&#8221; custom_padding__hover=&#8221;|||&#8221;][et_pb_image src=&#8221;https:\/\/weissmanfred.hu\/wp-content\/uploads\/2021\/09\/Abraziv-1&#8211;scaled.jpg&#8221; title_text=&#8221;Abraziv-1-&#8221; show_in_lightbox=&#8221;on&#8221; align_tablet=&#8221;center&#8221; align_phone=&#8221;&#8221; align_last_edited=&#8221;on|desktop&#8221; _builder_version=&#8221;4.16&#8243; custom_padding=&#8221;62px||&#8221; border_width_right=&#8221;7px&#8221; border_color_right=&#8221;#ffffff&#8221; global_colors_info=&#8221;{}&#8221;][\/et_pb_image][et_pb_text _builder_version=&#8221;4.16&#8243; _module_preset=&#8221;default&#8221; width=&#8221;95.3%&#8221; module_alignment=&#8221;center&#8221; custom_margin=&#8221;10px|0px|0px|0px|false|false&#8221; custom_padding=&#8221;|30px||15px|false|false&#8221; box_shadow_style=&#8221;preset3&#8243; global_colors_info=&#8221;{}&#8221;]<\/p>\n<h5><strong>STRAHLANLAGE TRAGFAEHIGKEIT<\/strong><\/h5>\n<p>Austausch der Hebevorrichtung der Strahlanlage HC 2500. Die alte Hebeausr\u00fcstung wurde durch neue  - mit einer Tragf\u00e4higkeit von 5 Tonnen ersetzt. (Typ KONECRANE)<\/p>\n<p>&nbsp;<\/p>\n<p>&nbsp;<\/p>\n<p>[\/et_pb_text][\/et_pb_column][et_pb_column type=&#8221;1_5&#8243; _builder_version=&#8221;4.16&#8243; custom_padding=&#8221;|||&#8221; global_colors_info=&#8221;{}&#8221; custom_padding__hover=&#8221;|||&#8221;][et_pb_image src=&#8221;https:\/\/weissmanfred.hu\/wp-content\/uploads\/2021\/09\/szoftver-scaled.jpg&#8221; title_text=&#8221;szoftver&#8221; show_in_lightbox=&#8221;on&#8221; align_tablet=&#8221;center&#8221; align_phone=&#8221;&#8221; align_last_edited=&#8221;on|desktop&#8221; _builder_version=&#8221;4.16&#8243; custom_padding=&#8221;||&#8221; border_width_right=&#8221;7px&#8221; border_color_right=&#8221;#ffffff&#8221; global_colors_info=&#8221;{}&#8221;][\/et_pb_image][et_pb_text _builder_version=&#8221;4.16&#8243; _module_preset=&#8221;default&#8221; width=&#8221;95.3%&#8221; module_alignment=&#8221;center&#8221; custom_margin=&#8221;10px|0px|0px|0px|false|false&#8221; custom_padding=&#8221;|30px||15px|false|false&#8221; box_shadow_style=&#8221;preset3&#8243; global_colors_info=&#8221;{}&#8221;]<\/p>\n<h5><strong>KAUF DER ZEISS ZEN CORE SOFTWARE<\/strong><\/h5>\n<p>Die ZEN Core-Software ist in der Lage, die Gussgef\u00fcge auszuwerten und die Form und Gr\u00f6\u00dfenverteilung der Gef\u00fcgeelemente als Prozentsatz der Fl\u00e4che zu bestimmen.<\/p>\n<p>Das Zen-Modul ist auch in der Lage, die Partikel- und \u00d6berfl\u00e4chengr\u00f6\u00dfe von mehrphasigen Proben zu bestimmen und die Porosit\u00e4t zu erkennen.<\/p>\n<p>[\/et_pb_text][\/et_pb_column][et_pb_column type=&#8221;1_5&#8243; _builder_version=&#8221;4.16&#8243; custom_padding=&#8221;|||&#8221; global_colors_info=&#8221;{}&#8221; custom_padding__hover=&#8221;|||&#8221;][et_pb_image src=&#8221;https:\/\/weissmanfred.hu\/wp-content\/uploads\/2021\/09\/Inteszt-2-scaled.jpg&#8221; title_text=&#8221;Inteszt 2&#8243; show_in_lightbox=&#8221;on&#8221; align_tablet=&#8221;center&#8221; align_phone=&#8221;&#8221; align_last_edited=&#8221;on|desktop&#8221; _builder_version=&#8221;4.16&#8243; custom_padding=&#8221;62px||&#8221; border_width_right=&#8221;7px&#8221; border_color_right=&#8221;#ffffff&#8221; global_colors_info=&#8221;{}&#8221;][\/et_pb_image][et_pb_text _builder_version=&#8221;4.16&#8243; _module_preset=&#8221;default&#8221; width=&#8221;95.3%&#8221; module_alignment=&#8221;center&#8221; custom_margin=&#8221;10px|0px|0px|0px|false|false&#8221; custom_padding=&#8221;|30px||15px|false|false&#8221; box_shadow_style=&#8221;preset3&#8243; global_colors_info=&#8221;{}&#8221;]<\/p>\n<h5><strong>Softwareaktualisierung f\u00fcr INSTRON- Zugfestigkeits-messger\u00e4t.<\/strong><\/h5>\n<p>Bluehill Universal ist das hochmoderne High-End-Softwarepaket f\u00fcr Materialpr\u00fcfung und Produktpr\u00fcfung vom INSTRON Ger\u00e4t, das die Entwicklungsanforderungen von Apps erf\u00fcllt.<\/p>\n<p>[\/et_pb_text][\/et_pb_column][et_pb_column type=&#8221;1_5&#8243; _builder_version=&#8221;4.16&#8243; custom_padding=&#8221;|||&#8221; global_colors_info=&#8221;{}&#8221; custom_padding__hover=&#8221;|||&#8221;][et_pb_image src=&#8221;https:\/\/weissmanfred.hu\/wp-content\/uploads\/2021\/09\/Werth-5-jpg-scaled.jpg&#8221; title_text=&#8221;Werth 5 jpg&#8221; show_in_lightbox=&#8221;on&#8221; align_tablet=&#8221;center&#8221; align_phone=&#8221;&#8221; align_last_edited=&#8221;on|desktop&#8221; _builder_version=&#8221;4.16&#8243; custom_padding=&#8221;||&#8221; border_width_right=&#8221;7px&#8221; border_color_right=&#8221;#ffffff&#8221; global_colors_info=&#8221;{}&#8221;][\/et_pb_image][et_pb_text _builder_version=&#8221;4.16&#8243; _module_preset=&#8221;default&#8221; width=&#8221;95.3%&#8221; module_alignment=&#8221;center&#8221; custom_margin=&#8221;10px|0px|0px|0px|false|false&#8221; custom_padding=&#8221;|30px||15px|false|false&#8221; box_shadow_style=&#8221;preset3&#8243; global_colors_info=&#8221;{}&#8221;]<\/p>\n<h5><strong>CREAFORM MetraSCAN 750 optisches 3D-Messsystem<\/strong><\/h5>\n<p>Der einfach zu bedienende Scanner sorgt daf\u00fcr, dass Messaufgaben schnell durchgef\u00fchrt werden k\u00f6nnen. Dank der passiven Reflexionspunkte kann das zu messende St\u00fcck rundherum ohne weitere Kalibrierung gemessen werden. Der Messbereich kann auch erweitert werden so da\u00df die Genauigkeit nur minimal  Verschlechtert wird. (0,15 mm \/ m) .<\/p>\n<p>Das MetraSCAN-System eignet sich zum Scannen gl\u00e4nzenden Oberfl\u00e4chen ohne Behandlung, Bestauben oder Bespr\u00fchen, was im Produktionsprozess gro\u00dfer Teile viel Zeit spart.<\/p>\n<p>[\/et_pb_text][\/et_pb_column][\/et_pb_row][\/et_pb_section][et_pb_section fb_built=&#8221;1&#8243; _builder_version=&#8221;4.16&#8243; _module_preset=&#8221;default&#8221; background_image=&#8221;https:\/\/weissmanfred.hu\/wp-content\/uploads\/2021\/10\/IMG-5966.jpg&#8221; min_height=&#8221;381.5px&#8221; custom_padding=&#8221;0px|||||&#8221; global_colors_info=&#8221;{}&#8221;][\/et_pb_section]<\/p>","protected":false},"excerpt":{"rendered":"<p>P\u00e1ly\u00e1zatok Csepel Metall Vas\u00f6nt\u00f6de Kft. &nbsp;Elnyert p\u00e1ly\u00e1zataink &nbsp; A VEKOP -1.2.6-20-2020-01421-es\u00a0 p\u00e1ly\u00e1zat, ami 70 % m\u00e9rt\u00e9kben,\u00a0 \u00a053,67 milli\u00f3 forint szerz\u0151d\u00f6tt t\u00e1mogat\u00e1st biztos\u00edtott a Csepel Metall Vas\u00f6nt\u00f6de Kft.-nek\u00a0 A projekt befejez\u00e9se 2021.08.23.&nbsp; Vas\u00f6nt\u00e9szeti technol\u00f3gia fejleszt\u00e9se a Csepel Metall Vas\u00f6nt\u00f6de Korl\u00e1tolt Felel\u0151ss\u00e9g\u0171 T\u00e1rsas\u00e1g &nbsp; VEKOP -1.2.6-20-2020-01421 p\u00e1ly\u00e1zata A projekt megval\u00f3s\u00edt\u00e1sa sor\u00e1n a j\u00f6v\u0151beni piaci poz\u00edci\u00f3ink er\u0151s\u00edt\u00e9s\u00e9t \u00e9s [&hellip;]<\/p>","protected":false},"author":1,"featured_media":0,"parent":0,"menu_order":0,"comment_status":"closed","ping_status":"closed","template":"","meta":{"_et_pb_use_builder":"on","_et_pb_old_content":"","_et_gb_content_width":"","footnotes":""},"class_list":["post-593","page","type-page","status-publish","hentry"],"_links":{"self":[{"href":"https:\/\/www.weissmanfred.hu\/de\/wp-json\/wp\/v2\/pages\/593","targetHints":{"allow":["GET"]}}],"collection":[{"href":"https:\/\/www.weissmanfred.hu\/de\/wp-json\/wp\/v2\/pages"}],"about":[{"href":"https:\/\/www.weissmanfred.hu\/de\/wp-json\/wp\/v2\/types\/page"}],"author":[{"embeddable":true,"href":"https:\/\/www.weissmanfred.hu\/de\/wp-json\/wp\/v2\/users\/1"}],"replies":[{"embeddable":true,"href":"https:\/\/www.weissmanfred.hu\/de\/wp-json\/wp\/v2\/comments?post=593"}],"version-history":[{"count":68,"href":"https:\/\/www.weissmanfred.hu\/de\/wp-json\/wp\/v2\/pages\/593\/revisions"}],"predecessor-version":[{"id":2979,"href":"https:\/\/www.weissmanfred.hu\/de\/wp-json\/wp\/v2\/pages\/593\/revisions\/2979"}],"wp:attachment":[{"href":"https:\/\/www.weissmanfred.hu\/de\/wp-json\/wp\/v2\/media?parent=593"}],"curies":[{"name":"wp","href":"https:\/\/api.w.org\/{rel}","templated":true}]}}