{"id":635,"date":"2019-03-23T13:44:46","date_gmt":"2019-03-23T13:44:46","guid":{"rendered":"https:\/\/demo.hellowp.io\/20\/?page_id=25"},"modified":"2023-06-22T10:53:45","modified_gmt":"2023-06-22T10:53:45","slug":"impresszum","status":"publish","type":"page","link":"https:\/\/www.weissmanfred.hu\/de\/impresszum\/","title":{"rendered":"Impressum"},"content":{"rendered":"[et_pb_section fb_built=&#8221;1&#8243; admin_label=&#8221;section&#8221; _builder_version=&#8221;4.16&#8243; global_colors_info=&#8221;{}&#8221;][et_pb_row admin_label=&#8221;row&#8221; _builder_version=&#8221;4.16&#8243; background_size=&#8221;initial&#8221; background_position=&#8221;top_left&#8221; background_repeat=&#8221;repeat&#8221; min_height=&#8221;661.2px&#8221; global_colors_info=&#8221;{}&#8221;][et_pb_column type=&#8221;4_4&#8243; _builder_version=&#8221;4.16&#8243; custom_padding=&#8221;|||&#8221; global_colors_info=&#8221;{}&#8221; custom_padding__hover=&#8221;|||&#8221;][et_pb_text admin_label=&#8221;Text&#8221; _builder_version=&#8221;4.16&#8243; background_size=&#8221;initial&#8221; background_position=&#8221;top_left&#8221; background_repeat=&#8221;repeat&#8221; global_colors_info=&#8221;{}&#8221;]<h2>IMPRESSZUM<\/h2>\n<h4><strong><\/strong><\/h4>\n<h4><strong><\/strong><\/h4>\n<h4><strong><\/strong><\/h4>\n<h4><strong>A Weiss Manfr\u00e9d Vasm\u0171vek Korl\u00e1tolt Felel\u0151ss\u00e9g\u0171 T\u00e1rsas\u00e1g c\u00e9ginform\u00e1ci\u00f3s adatai a k\u00f6vetkez\u0151k<\/strong><\/h4>\n<p><strong><\/strong><\/p>\n<p><strong><\/strong><\/p>\n<p><strong>Ad\u00f3 ig. sz.:<\/strong><span>\u00a012064672-2-43,<\/span><br \/><strong>EU Ad\u00f3sz\u00e1m:<\/strong><span>\u00a0HU 12064672<\/span><br \/><strong>C\u00e9gjegyz\u00e9k sz\u00e1m:<\/strong><span>\u00a001-09-462313, F\u0151v\u00e1rosi B\u00edr\u00f3s\u00e1g, Budapest<\/span><br \/><strong>Sz\u00e9khely:<\/strong><span>\u00a01211 Budapest, \u00d6nt\u00f6de utca 2-12.<\/span><br \/><strong>Telephely:<\/strong><span>\u00a01211 Budapest, \u00d6nt\u00f6de utca 2-12.<\/span><br \/><strong>Eingang B\u00fcrogeb\u00e4ude:<\/strong><span> 1211 Budapest, Eszterg\u00e1lyos u. 10. (bei Ecke Homok Stra\u00dfe) <span style=\"color: #ff0000;\"><a href=\"https:\/\/www.weissmanfred.hu\/de\/kapcsolat-2\/\" style=\"color: #ff0000;\">\u00a0Google t\u00e9rk\u00e9p<\/a><\/span><\/span><br \/><strong>GPS<span>\u00a0<\/span><\/strong><span>N 47.4284356 O 19.0629921<\/span><br \/><strong>Ladeort:<\/strong><span> 1211 Budapest, D\u00e9zsa u. 4.\u00a0 <span style=\"color: #ff0000;\"><a href=\"https:\/\/www.weissmanfred.hu\/de\/kapcsolat-2\/\" style=\"color: #ff0000;\">\u00a0Google t\u00e9rk\u00e9p<\/a><\/span><\/span><\/p>\n<p><strong>Telephely enged\u00e9lyt<\/strong> ki\u00e1ll\u00edt\u00f3 szerv a Budapest-Csepel \u00d6nkorm\u00e1nyzata (1211 Budapest, Szent Imre t\u00e9r 10.)<br \/>sz\u00e1ma: VII-426-8\/2003<\/p>\n<p><strong>Hullad\u00e9k hasznos\u00edt\u00e1si \u00e9s k\u00f6rnyezetv\u00e9delmi enged\u00e9lyek<\/strong>\u00a0Vas \u00e9s ac\u00e9lhullad\u00e9kok \u00f6ntv\u00e9nygy\u00e1rt\u00e1si c\u00e9l\u00fa hasznos\u00edt\u00e1s\u00e1ra vonatkoz\u00f3 k\u00f6rnyezetv\u00e9delmi fel\u00fcgyel\u0151s\u00e9gi enged\u00e9ly sz\u00e1ma:<br \/>KTF: 04803-11\/2020<a href=\"https:\/\/www.weissmanfred.hu\/de\/hulladek-hasznositasi-es-kornyezetvedelmi-engedely-hatarozat\/\"> <span style=\"text-decoration: underline; color: #cc2002;\"><strong>HAT\u00c1ROZAT\u00a0<\/strong><\/span><\/a><br \/><span>Csepeli \u00d6nkorm\u00e1nyzat \u00fcgyirat: VII-1920-1\/2015<br \/><\/span><span>K\u00dcJ: 100233940<br \/><\/span><span>KTJ: 100633299<\/span><\/p>\n<p><strong>DUNS sz\u00e1m<\/strong> 40-118-3579<\/p>\n<p><strong>Kamarai nyilv\u00e1ntart\u00e1si sz\u00e1m<\/strong>\u00a0 BU-12064672- Budapest Kereskedelmi \u00e9s Iparkamara<\/p>\n<p><span style=\"text-decoration: underline; color: #cc2002;\"><strong>\u00c9<a href=\"https:\/\/www.weissmanfred.hu\/de\/eves-osszefoglalo-energetikai-jelentes\/\">ves \u00f6sszefoglal\u00f3 energetikai jelent\u00e9s<\/a><\/strong><\/span><\/p>\n<div class=\"et-module-ad539493-de4c-4bb0-aaa9-44e747bd842c et_pb_column ui-sortable et-animated--vb et_pb_column_4_4 et_pb_column_0 et-first-child et-last-child et_pb_with_border et_pb_hovered_child\" data-address=\"0.0.0\" style=\"font-size: 14px; background-size: cover; background-color: #ffffff; width: 1010.67px; z-index: 10 !important;\">\n<div class=\"et_pb_hovered et_fb_editing_enabled et_fb_element_controls_visible et-module-d6ff56bc-c2eb-4bfe-b37d-ed5360b54938 et_pb_text et_pb_module ui-sortable et_pb_text_0 et-animated--vb et_pb_text_align_left et_pb_bg_layout_light et-first-child et-last-child\" data-address=\"0.0.0.0\" dynamic=\"[object Object]\" matching=\"[object Object]\" parent_slug=\"et_pb_column\" theme_builder_suffix=\"\" wrapper_settings=\"[object Object]\" _key=\"d6ff56bc-c2eb-4bfe-b37d-ed5360b54938\" style=\"font-size: 14px; background-size: cover;\">\n<div class=\"et_pb_text_inner\" style=\"font-size: 14px;\">\n<div data-shortcode-id=\"0.0.0.0-1636115619808\" data-quickaccess-editable=\"yes\" class=\"et-fb-popover-tinymce\" style=\"font-size: 14px;\">\n<div class=\"mce-content-body\" style=\"font-size: 14px; position: relative;\">\n<p style=\"font-size: 14px;\"><\/p>\n<\/div>\n<\/div>\n<\/div>\n<\/div>\n<\/div>\n<p><span style=\"text-decoration: underline; color: #cc2002;\"><strong>\u00a0<\/strong><\/span><\/p>\n<p><\/p>[\/et_pb_text][\/et_pb_column][\/et_pb_row][\/et_pb_section]","protected":false},"excerpt":{"rendered":"<p>IMPRESSZUM A Weiss Manfr\u00e9d Vasm\u0171vek Korl\u00e1tolt Felel\u0151ss\u00e9g\u0171 T\u00e1rsas\u00e1g c\u00e9ginform\u00e1ci\u00f3s adatai a k\u00f6vetkez\u0151k Ad\u00f3 ig. sz.:\u00a012064672-2-43,EU Ad\u00f3sz\u00e1m:\u00a0HU 12064672C\u00e9gjegyz\u00e9k sz\u00e1m:\u00a001-09-462313, F\u0151v\u00e1rosi B\u00edr\u00f3s\u00e1g, BudapestSz\u00e9khely:\u00a01211 Budapest, \u00d6nt\u00f6de utca 2-12.Telephely:\u00a01211 Budapest, \u00d6nt\u00f6de utca 2-12.Iroda \u00e9p\u00fclet bej\u00e1rata: 1211 Budapest, Eszterg\u00e1lyos u. 10. (Homok utca sarokn\u00e1l) \u00a0Google t\u00e9rk\u00e9pGPS koordin\u00e1t\u00e1k:\u00a0N 47.4284356 O 19.0629921Rakod\u00e1si hely: 1211 Budapest, D\u00e9zsa u. 4.\u00a0 \u00a0Google t\u00e9rk\u00e9p Telephely enged\u00e9lyt [&hellip;]<\/p>","protected":false},"author":1,"featured_media":0,"parent":0,"menu_order":0,"comment_status":"closed","ping_status":"closed","template":"","meta":{"_et_pb_use_builder":"on","_et_pb_old_content":"<!-- wp:paragraph -->\n<p>Lorem ipsum dolor sit amet, consectetur adipiscing elit, sed do eiusmod tempor incididunt ut labore et dolore magna aliqua. Adipiscing commodo elit at imperdiet dui accumsan sit amet nulla. Sed tempus urna et pharetra pharetra. Venenatis tellus in metus vulputate eu scelerisque felis imperdiet proin. Ornare massa eget egestas purus viverra accumsan in nisl nisi. Quis imperdiet massa tincidunt nunc pulvinar sapien et ligula. Est velit egestas dui id. Iaculis eu non diam phasellus vestibulum lorem sed. Rhoncus dolor purus non enim. Odio ut enim blandit volutpat. Id consectetur purus ut faucibus pulvinar elementum integer. Quis enim lobortis scelerisque fermentum dui faucibus in. Nibh tellus molestie nunc non. Fermentum leo vel orci porta non pulvinar. Non diam phasellus vestibulum lorem sed risus. Ornare aenean euismod elementum nisi quis eleifend quam. Mauris ultrices eros in cursus. Ornare massa eget egestas purus. Duis convallis convallis tellus id interdum velit.<\/p>\n<!-- \/wp:paragraph -->\n\n<!-- wp:paragraph -->\n<p>Auctor elit sed vulputate mi sit amet mauris commodo quis. Tortor at risus viverra adipiscing. Lacus suspendisse faucibus interdum posuere. Quam quisque id diam vel quam. Ac feugiat sed lectus vestibulum. Mattis ullamcorper velit sed ullamcorper morbi. In hac habitasse platea dictumst vestibulum rhoncus est. Sit amet massa vitae tortor condimentum lacinia quis. Amet aliquam id diam maecenas ultricies mi eget mauris. Integer eget aliquet nibh praesent tristique magna sit. Eu nisl nunc mi ipsum faucibus vitae aliquet nec. Mollis nunc sed id semper risus in hendrerit. Fermentum et sollicitudin ac orci phasellus. Eget felis eget nunc lobortis mattis aliquam. Eu facilisis sed odio morbi quis commodo. Nulla pharetra diam sit amet nisl suscipit adipiscing bibendum est. Mauris sit amet massa vitae tortor condimentum lacinia. Neque sodales ut etiam sit amet. Fringilla phasellus faucibus scelerisque eleifend donec pretium. Risus at ultrices mi tempus imperdiet nulla malesuada pellentesque elit.<\/p>\n<!-- \/wp:paragraph -->\n\n<!-- wp:paragraph -->\n<p>Mattis pellentesque id nibh tortor. Consectetur purus ut faucibus pulvinar elementum integer enim. Blandit libero volutpat sed cras ornare arcu dui vivamus arcu. Pretium vulputate sapien nec sagittis. Ullamcorper eget nulla facilisi etiam dignissim. Dolor sit amet consectetur adipiscing elit duis tristique sollicitudin nibh. Nulla facilisi morbi tempus iaculis urna. Vestibulum sed arcu non odio euismod. Sed tempus urna et pharetra. Pellentesque nec nam aliquam sem et tortor consequat id. Dictumst vestibulum rhoncus est pellentesque elit. Faucibus nisl tincidunt eget nullam non nisi est sit. Elementum sagittis vitae et leo duis ut. Sit amet venenatis urna cursus eget nunc. Scelerisque eu ultrices vitae auctor eu. Viverra tellus in hac habitasse platea dictumst vestibulum. Id faucibus nisl tincidunt eget nullam non nisi est. Egestas erat imperdiet sed euismod.<\/p>\n<!-- \/wp:paragraph -->","_et_gb_content_width":"","footnotes":""},"class_list":["post-635","page","type-page","status-publish","hentry"],"_links":{"self":[{"href":"https:\/\/www.weissmanfred.hu\/de\/wp-json\/wp\/v2\/pages\/635","targetHints":{"allow":["GET"]}}],"collection":[{"href":"https:\/\/www.weissmanfred.hu\/de\/wp-json\/wp\/v2\/pages"}],"about":[{"href":"https:\/\/www.weissmanfred.hu\/de\/wp-json\/wp\/v2\/types\/page"}],"author":[{"embeddable":true,"href":"https:\/\/www.weissmanfred.hu\/de\/wp-json\/wp\/v2\/users\/1"}],"replies":[{"embeddable":true,"href":"https:\/\/www.weissmanfred.hu\/de\/wp-json\/wp\/v2\/comments?post=635"}],"version-history":[{"count":12,"href":"https:\/\/www.weissmanfred.hu\/de\/wp-json\/wp\/v2\/pages\/635\/revisions"}],"predecessor-version":[{"id":3205,"href":"https:\/\/www.weissmanfred.hu\/de\/wp-json\/wp\/v2\/pages\/635\/revisions\/3205"}],"wp:attachment":[{"href":"https:\/\/www.weissmanfred.hu\/de\/wp-json\/wp\/v2\/media?parent=635"}],"curies":[{"name":"wp","href":"https:\/\/api.w.org\/{rel}","templated":true}]}}