{"id":1638,"date":"2021-10-18T19:26:08","date_gmt":"2021-10-18T19:26:08","guid":{"rendered":"https:\/\/csepelmetall.net\/?page_id=1638"},"modified":"2023-06-22T09:13:08","modified_gmt":"2023-06-22T09:13:08","slug":"minosegbiztostas","status":"publish","type":"page","link":"https:\/\/www.weissmanfred.hu\/en\/minosegbiztostas\/","title":{"rendered":"Quality assurance"},"content":{"rendered":"<p>[et_pb_section fb_built=&#8221;1&#8243; _builder_version=&#8221;4.16&#8243; background_image=&#8221;https:\/\/weissmanfred.hu\/wp-content\/uploads\/2021\/10\/proba2.png&#8221; custom_padding=&#8221;35px|0px|97px|0px|false|false&#8221; global_colors_info=&#8221;{}&#8221;][et_pb_row _builder_version=&#8221;4.16&#8243; custom_padding=&#8221;27px|0px|0|0px|false|false&#8221; global_colors_info=&#8221;{}&#8221;][et_pb_column type=&#8221;4_4&#8243; _builder_version=&#8221;4.16&#8243; custom_padding=&#8221;|||&#8221; global_colors_info=&#8221;{}&#8221; custom_padding__hover=&#8221;|||&#8221;][et_pb_text _builder_version=&#8221;4.16&#8243; text_font=&#8221;||||||||&#8221; text_text_color=&#8221;#cc2002&#8243; text_font_size=&#8221;20px&#8221; header_font=&#8221;||||||||&#8221; header_text_color=&#8221;#ffffff&#8221; header_font_size=&#8221;45px&#8221; global_colors_info=&#8221;{}&#8221;]<\/p>\n<h1>Quality assurance<\/h1>\n<p>ISO 9001:2005 certification\u00a0<\/p>\n<p>&nbsp;<\/p>\n<p>[\/et_pb_text][\/et_pb_column][\/et_pb_row][\/et_pb_section][et_pb_section fb_built=&#8221;1&#8243; _builder_version=&#8221;4.16&#8243; _module_preset=&#8221;default&#8221; global_colors_info=&#8221;{}&#8221;][et_pb_row _builder_version=&#8221;4.16&#8243; _module_preset=&#8221;default&#8221; global_colors_info=&#8221;{}&#8221;][et_pb_column type=&#8221;4_4&#8243; _builder_version=&#8221;4.16&#8243; _module_preset=&#8221;default&#8221; global_colors_info=&#8221;{}&#8221;][et_pb_text _builder_version=&#8221;4.20.4&#8243; _module_preset=&#8221;default&#8221; hover_enabled=&#8221;0&#8243; global_colors_info=&#8221;{}&#8221; sticky_enabled=&#8221;0&#8243;]<\/p>\n<h1>The quality management system<\/h1>\n<p>&nbsp;<\/p>\n<p>In order to maintain the competitiveness of our products on the domestic and international markets, the ISO 9001-compliant<\/p>\n<p>Quality management system certified by DNV - GL Business Assurance.<\/p>\n<p>Az ISO 9001:2015 szabv\u00e1ny megjelen\u00e9s\u00e9t k\u00f6vet\u0151en c\u00e9g\u00fcnk az \u00faj szabv\u00e1ny el\u0151\u00edr\u00e1sainak megfelel\u0151en tan\u00fas\u00edttatta min\u0151s\u00e9gir\u00e1ny\u00edt\u00e1si rendszer\u00e9t.<\/p>\n<p>The operation of the quality management system enables the growing quality requirements of the developed markets to be met to an ever higher standard.<\/p>\n<p>A Weiss Manfr\u00e9d Vasm\u0171vek a vev\u0151k \u00e1ltal megk\u00edv\u00e1nt min\u0151s\u00e9g el\u00e9r\u00e9s\u00e9t m\u0171k\u00f6d\u00e9se meghat\u00e1roz\u00f3 t\u00e9nyez\u0151j\u00e9nek tekinti. Els\u0151dleges \u00e9s alapvet\u0151 szempont a megrendel\u0151i ig\u00e9nyek, a vonatkoz\u00f3 szabv\u00e1nyos k\u00f6vetelm\u00e9nyek maxim\u00e1lis teljes\u00edt\u00e9se, ezen kereszt\u00fcl a vev\u0151 bizalm\u00e1nak, megel\u00e9gedetts\u00e9g\u00e9nek elnyer\u00e9se \u00e9s megtart\u00e1sa.<\/p>\n<p>The quality management system is operated by professionally trained staff committed to quality. The suitability of the staff is ensured by the management of the company through regular training and education.<\/p>\n<p>Technical and technical conditions are provided to control the quality standards. The majority of the tests are performed in our own laboratory:<\/p>\n<ul>\n<li>Chemical composition (ARL 3460 Thermo Scientific spectrometer),<\/li>\n<li>Tensile strength, elongation at break (Instron 5982)<\/li>\n<li>Hardness test (Innovatest Nexus 3000)<\/li>\n<\/ul>\n<p>Fabric structure and graphite tests (with Zeiss Axio vert A1 ccd camera) We provide special tests on request:<\/p>\n<ul>\n<li>Crack test,<\/li>\n<li>Ultrasonic examination,<\/li>\n<li>Radiographic examination,<\/li>\n<li>Impact work, etc.<\/li>\n<\/ul>\n<p><span>The latter tests can be performed with an independent material testing laboratory in the Csepel Industrial Park, which is the largest independent material testing laboratory in Hungary and is also located in the Csepel Industrial Park.<\/span><\/p>\n<p>The proper material quality of our sheet and spheroidal graphite castings has been certified by Germanischer Lloyd since 2011.<\/p>\n<p>[\/et_pb_text][\/et_pb_column][\/et_pb_row][\/et_pb_section][et_pb_section fb_built=&#8221;1&#8243; _builder_version=&#8221;4.16&#8243; _module_preset=&#8221;default&#8221; custom_padding=&#8221;0px|||||&#8221; global_colors_info=&#8221;{}&#8221;][et_pb_row column_structure=&#8221;1_2,1_2&#8243; _builder_version=&#8221;4.16&#8243; _module_preset=&#8221;default&#8221; global_colors_info=&#8221;{}&#8221;][et_pb_column type=&#8221;1_2&#8243; _builder_version=&#8221;4.16&#8243; _module_preset=&#8221;default&#8221; global_colors_info=&#8221;{}&#8221;][et_pb_image src=&#8221;https:\/\/weissmanfred.hu\/wp-content\/uploads\/2021\/11\/0001-1-scaled.jpg&#8221; title_text=&#8221;0001&#8243; _builder_version=&#8221;4.20.4&#8243; _module_preset=&#8221;default&#8221; hover_enabled=&#8221;0&#8243; global_colors_info=&#8221;{}&#8221; sticky_enabled=&#8221;0&#8243;][\/et_pb_image][\/et_pb_column][et_pb_column type=&#8221;1_2&#8243; _builder_version=&#8221;4.16&#8243; _module_preset=&#8221;default&#8221; global_colors_info=&#8221;{}&#8221;][et_pb_image src=&#8221;https:\/\/weissmanfred.hu\/wp-content\/uploads\/2021\/11\/angol-scaled.jpg&#8221; title_text=&#8221;angol&#8221; _builder_version=&#8221;4.16&#8243; _module_preset=&#8221;default&#8221; global_colors_info=&#8221;{}&#8221;][\/et_pb_image][\/et_pb_column][\/et_pb_row][\/et_pb_section]<\/p>","protected":false},"excerpt":{"rendered":"<p>Min\u0151s\u00e9gbiztos\u00edt\u00e1s ISO 9001:2005 min\u0151s\u00edt\u00e9ssel rendelkez\u00fcnk\u00a0 &nbsp;A min\u0151s\u00e9gir\u00e1ny\u00edt\u00e1si rendszer &nbsp; A hazai \u00e9s nemzetk\u00f6zi piacokon megjelen\u0151 term\u00e9keink versenyk\u00e9pess\u00e9g\u00e9nek meg\u0151rz\u00e9se \u00e9rdek\u00e9ben 1997-ben bevezet\u00e9sre ker\u00fclt az ISO 9001 szabv\u00e1nynak megfelel\u0151, a DNV \u2013 GL Business Assurance \u00e1ltal tan\u00fas\u00edtott min\u0151s\u00e9gir\u00e1ny\u00edt\u00e1si rendszer. Az ISO 9001:2015 szabv\u00e1ny megjelen\u00e9s\u00e9t k\u00f6vet\u0151en c\u00e9g\u00fcnk az \u00faj szabv\u00e1ny el\u0151\u00edr\u00e1sainak megfelel\u0151en tan\u00fas\u00edttatta min\u0151s\u00e9gir\u00e1ny\u00edt\u00e1si rendszer\u00e9t. A min\u0151s\u00e9gir\u00e1ny\u00edt\u00e1si rendszer [&hellip;]<\/p>","protected":false},"author":1,"featured_media":0,"parent":0,"menu_order":0,"comment_status":"closed","ping_status":"closed","template":"","meta":{"_et_pb_use_builder":"on","_et_pb_old_content":"<!-- wp:divi\/placeholder \/-->","_et_gb_content_width":"","footnotes":""},"class_list":["post-1638","page","type-page","status-publish","hentry"],"_links":{"self":[{"href":"https:\/\/www.weissmanfred.hu\/en\/wp-json\/wp\/v2\/pages\/1638","targetHints":{"allow":["GET"]}}],"collection":[{"href":"https:\/\/www.weissmanfred.hu\/en\/wp-json\/wp\/v2\/pages"}],"about":[{"href":"https:\/\/www.weissmanfred.hu\/en\/wp-json\/wp\/v2\/types\/page"}],"author":[{"embeddable":true,"href":"https:\/\/www.weissmanfred.hu\/en\/wp-json\/wp\/v2\/users\/1"}],"replies":[{"embeddable":true,"href":"https:\/\/www.weissmanfred.hu\/en\/wp-json\/wp\/v2\/comments?post=1638"}],"version-history":[{"count":11,"href":"https:\/\/www.weissmanfred.hu\/en\/wp-json\/wp\/v2\/pages\/1638\/revisions"}],"predecessor-version":[{"id":3204,"href":"https:\/\/www.weissmanfred.hu\/en\/wp-json\/wp\/v2\/pages\/1638\/revisions\/3204"}],"wp:attachment":[{"href":"https:\/\/www.weissmanfred.hu\/en\/wp-json\/wp\/v2\/media?parent=1638"}],"curies":[{"name":"wp","href":"https:\/\/api.w.org\/{rel}","templated":true}]}}