{"id":2242,"date":"2021-11-05T12:30:48","date_gmt":"2021-11-05T12:30:48","guid":{"rendered":"https:\/\/csepelmetall.net\/?page_id=2242"},"modified":"2021-11-05T12:30:53","modified_gmt":"2021-11-05T12:30:53","slug":"eves-osszefoglalo-energetikai-jelentes","status":"publish","type":"page","link":"https:\/\/www.weissmanfred.hu\/en\/eves-osszefoglalo-energetikai-jelentes\/","title":{"rendered":"\u00c9ves \u00f6sszefoglal\u00f3 energetikai jelent\u00e9s"},"content":{"rendered":"<figure class=\"wp-block-image size-large\"><img loading=\"lazy\" decoding=\"async\" width=\"1024\" height=\"724\" src=\"https:\/\/weissmanfred.hu\/wp-content\/uploads\/2021\/11\/0001-1024x724.jpg\" alt=\"\" class=\"wp-image-2244\" srcset=\"https:\/\/www.weissmanfred.hu\/wp-content\/uploads\/2021\/11\/0001-1024x724.jpg 1024w, https:\/\/www.weissmanfred.hu\/wp-content\/uploads\/2021\/11\/0001-300x212.jpg 300w, https:\/\/www.weissmanfred.hu\/wp-content\/uploads\/2021\/11\/0001-768x543.jpg 768w, https:\/\/www.weissmanfred.hu\/wp-content\/uploads\/2021\/11\/0001-1536x1086.jpg 1536w, https:\/\/www.weissmanfred.hu\/wp-content\/uploads\/2021\/11\/0001-400x284.jpg 400w, https:\/\/www.weissmanfred.hu\/wp-content\/uploads\/2021\/11\/0001-1080x764.jpg 1080w, https:\/\/www.weissmanfred.hu\/wp-content\/uploads\/2021\/11\/0001-1280x905.jpg 1280w, https:\/\/www.weissmanfred.hu\/wp-content\/uploads\/2021\/11\/0001-980x693.jpg 980w, https:\/\/www.weissmanfred.hu\/wp-content\/uploads\/2021\/11\/0001-480x339.jpg 480w, https:\/\/www.weissmanfred.hu\/wp-content\/uploads\/2021\/11\/0001.jpg 1683w\" sizes=\"auto, (max-width: 1024px) 100vw, 1024px\" \/><\/figure>\n\n\n\n<figure class=\"wp-block-image size-large\"><img loading=\"lazy\" decoding=\"async\" width=\"1024\" height=\"724\" src=\"https:\/\/weissmanfred.hu\/wp-content\/uploads\/2021\/11\/0002-1024x724.jpg\" alt=\"\" class=\"wp-image-2247\" srcset=\"https:\/\/www.weissmanfred.hu\/wp-content\/uploads\/2021\/11\/0002-1024x724.jpg 1024w, https:\/\/www.weissmanfred.hu\/wp-content\/uploads\/2021\/11\/0002-300x212.jpg 300w, https:\/\/www.weissmanfred.hu\/wp-content\/uploads\/2021\/11\/0002-768x543.jpg 768w, https:\/\/www.weissmanfred.hu\/wp-content\/uploads\/2021\/11\/0002-1536x1086.jpg 1536w, https:\/\/www.weissmanfred.hu\/wp-content\/uploads\/2021\/11\/0002-400x284.jpg 400w, https:\/\/www.weissmanfred.hu\/wp-content\/uploads\/2021\/11\/0002-1080x764.jpg 1080w, https:\/\/www.weissmanfred.hu\/wp-content\/uploads\/2021\/11\/0002-1280x905.jpg 1280w, https:\/\/www.weissmanfred.hu\/wp-content\/uploads\/2021\/11\/0002-980x693.jpg 980w, https:\/\/www.weissmanfred.hu\/wp-content\/uploads\/2021\/11\/0002-480x339.jpg 480w, https:\/\/www.weissmanfred.hu\/wp-content\/uploads\/2021\/11\/0002.jpg 1683w\" sizes=\"auto, (max-width: 1024px) 100vw, 1024px\" \/><\/figure>\n\n\n\n<figure class=\"wp-block-image size-large\"><img loading=\"lazy\" decoding=\"async\" width=\"1024\" height=\"724\" src=\"https:\/\/weissmanfred.hu\/wp-content\/uploads\/2021\/11\/0003-1024x724.jpg\" alt=\"\" class=\"wp-image-2250\" srcset=\"https:\/\/www.weissmanfred.hu\/wp-content\/uploads\/2021\/11\/0003-1024x724.jpg 1024w, https:\/\/www.weissmanfred.hu\/wp-content\/uploads\/2021\/11\/0003-300x212.jpg 300w, https:\/\/www.weissmanfred.hu\/wp-content\/uploads\/2021\/11\/0003-768x543.jpg 768w, https:\/\/www.weissmanfred.hu\/wp-content\/uploads\/2021\/11\/0003-1536x1086.jpg 1536w, https:\/\/www.weissmanfred.hu\/wp-content\/uploads\/2021\/11\/0003-400x284.jpg 400w, https:\/\/www.weissmanfred.hu\/wp-content\/uploads\/2021\/11\/0003-1080x764.jpg 1080w, https:\/\/www.weissmanfred.hu\/wp-content\/uploads\/2021\/11\/0003-1280x905.jpg 1280w, https:\/\/www.weissmanfred.hu\/wp-content\/uploads\/2021\/11\/0003-980x693.jpg 980w, https:\/\/www.weissmanfred.hu\/wp-content\/uploads\/2021\/11\/0003-480x339.jpg 480w, https:\/\/www.weissmanfred.hu\/wp-content\/uploads\/2021\/11\/0003.jpg 1683w\" sizes=\"auto, (max-width: 1024px) 100vw, 1024px\" \/><\/figure>\n\n\n\n<figure class=\"wp-block-image size-large\"><img loading=\"lazy\" decoding=\"async\" width=\"1024\" height=\"724\" src=\"https:\/\/weissmanfred.hu\/wp-content\/uploads\/2021\/11\/0004-1024x724.jpg\" alt=\"\" class=\"wp-image-2253\" srcset=\"https:\/\/www.weissmanfred.hu\/wp-content\/uploads\/2021\/11\/0004-1024x724.jpg 1024w, https:\/\/www.weissmanfred.hu\/wp-content\/uploads\/2021\/11\/0004-300x212.jpg 300w, https:\/\/www.weissmanfred.hu\/wp-content\/uploads\/2021\/11\/0004-768x543.jpg 768w, https:\/\/www.weissmanfred.hu\/wp-content\/uploads\/2021\/11\/0004-1536x1086.jpg 1536w, https:\/\/www.weissmanfred.hu\/wp-content\/uploads\/2021\/11\/0004-400x284.jpg 400w, https:\/\/www.weissmanfred.hu\/wp-content\/uploads\/2021\/11\/0004-1080x764.jpg 1080w, https:\/\/www.weissmanfred.hu\/wp-content\/uploads\/2021\/11\/0004-1280x905.jpg 1280w, https:\/\/www.weissmanfred.hu\/wp-content\/uploads\/2021\/11\/0004-980x693.jpg 980w, https:\/\/www.weissmanfred.hu\/wp-content\/uploads\/2021\/11\/0004-480x339.jpg 480w, https:\/\/www.weissmanfred.hu\/wp-content\/uploads\/2021\/11\/0004.jpg 1683w\" sizes=\"auto, (max-width: 1024px) 100vw, 1024px\" \/><\/figure>\n\n\n\n<figure class=\"wp-block-image size-large\"><img loading=\"lazy\" decoding=\"async\" width=\"1024\" height=\"724\" src=\"https:\/\/weissmanfred.hu\/wp-content\/uploads\/2021\/11\/0005-1024x724.jpg\" alt=\"\" class=\"wp-image-2256\" srcset=\"https:\/\/www.weissmanfred.hu\/wp-content\/uploads\/2021\/11\/0005-1024x724.jpg 1024w, https:\/\/www.weissmanfred.hu\/wp-content\/uploads\/2021\/11\/0005-300x212.jpg 300w, https:\/\/www.weissmanfred.hu\/wp-content\/uploads\/2021\/11\/0005-768x543.jpg 768w, https:\/\/www.weissmanfred.hu\/wp-content\/uploads\/2021\/11\/0005-1536x1086.jpg 1536w, https:\/\/www.weissmanfred.hu\/wp-content\/uploads\/2021\/11\/0005-400x284.jpg 400w, https:\/\/www.weissmanfred.hu\/wp-content\/uploads\/2021\/11\/0005-1080x764.jpg 1080w, https:\/\/www.weissmanfred.hu\/wp-content\/uploads\/2021\/11\/0005-1280x905.jpg 1280w, https:\/\/www.weissmanfred.hu\/wp-content\/uploads\/2021\/11\/0005-980x693.jpg 980w, https:\/\/www.weissmanfred.hu\/wp-content\/uploads\/2021\/11\/0005-480x339.jpg 480w, https:\/\/www.weissmanfred.hu\/wp-content\/uploads\/2021\/11\/0005.jpg 1683w\" sizes=\"auto, (max-width: 1024px) 100vw, 1024px\" \/><\/figure>\n\n\n\n<figure class=\"wp-block-image size-large\"><img loading=\"lazy\" decoding=\"async\" width=\"1024\" height=\"724\" src=\"https:\/\/weissmanfred.hu\/wp-content\/uploads\/2021\/11\/0006-1024x724.jpg\" alt=\"\" class=\"wp-image-2259\" srcset=\"https:\/\/www.weissmanfred.hu\/wp-content\/uploads\/2021\/11\/0006-1024x724.jpg 1024w, https:\/\/www.weissmanfred.hu\/wp-content\/uploads\/2021\/11\/0006-300x212.jpg 300w, https:\/\/www.weissmanfred.hu\/wp-content\/uploads\/2021\/11\/0006-768x543.jpg 768w, https:\/\/www.weissmanfred.hu\/wp-content\/uploads\/2021\/11\/0006-1536x1086.jpg 1536w, https:\/\/www.weissmanfred.hu\/wp-content\/uploads\/2021\/11\/0006-400x284.jpg 400w, https:\/\/www.weissmanfred.hu\/wp-content\/uploads\/2021\/11\/0006-1080x764.jpg 1080w, https:\/\/www.weissmanfred.hu\/wp-content\/uploads\/2021\/11\/0006-1280x905.jpg 1280w, https:\/\/www.weissmanfred.hu\/wp-content\/uploads\/2021\/11\/0006-980x693.jpg 980w, https:\/\/www.weissmanfred.hu\/wp-content\/uploads\/2021\/11\/0006-480x339.jpg 480w, https:\/\/www.weissmanfred.hu\/wp-content\/uploads\/2021\/11\/0006.jpg 1683w\" sizes=\"auto, (max-width: 1024px) 100vw, 1024px\" \/><\/figure>\n\n\n\n<figure class=\"wp-block-image size-large\"><img loading=\"lazy\" decoding=\"async\" width=\"1024\" height=\"724\" src=\"https:\/\/weissmanfred.hu\/wp-content\/uploads\/2021\/11\/0007-1024x724.jpg\" alt=\"\" class=\"wp-image-2262\" srcset=\"https:\/\/www.weissmanfred.hu\/wp-content\/uploads\/2021\/11\/0007-1024x724.jpg 1024w, https:\/\/www.weissmanfred.hu\/wp-content\/uploads\/2021\/11\/0007-300x212.jpg 300w, https:\/\/www.weissmanfred.hu\/wp-content\/uploads\/2021\/11\/0007-768x543.jpg 768w, https:\/\/www.weissmanfred.hu\/wp-content\/uploads\/2021\/11\/0007-1536x1086.jpg 1536w, https:\/\/www.weissmanfred.hu\/wp-content\/uploads\/2021\/11\/0007-400x284.jpg 400w, https:\/\/www.weissmanfred.hu\/wp-content\/uploads\/2021\/11\/0007-1080x764.jpg 1080w, https:\/\/www.weissmanfred.hu\/wp-content\/uploads\/2021\/11\/0007-1280x905.jpg 1280w, https:\/\/www.weissmanfred.hu\/wp-content\/uploads\/2021\/11\/0007-980x693.jpg 980w, https:\/\/www.weissmanfred.hu\/wp-content\/uploads\/2021\/11\/0007-480x339.jpg 480w, https:\/\/www.weissmanfred.hu\/wp-content\/uploads\/2021\/11\/0007.jpg 1683w\" sizes=\"auto, (max-width: 1024px) 100vw, 1024px\" \/><\/figure>\n\n\n\n<figure class=\"wp-block-image size-large\"><img loading=\"lazy\" decoding=\"async\" width=\"1024\" height=\"724\" src=\"https:\/\/weissmanfred.hu\/wp-content\/uploads\/2021\/11\/0008-1024x724.jpg\" alt=\"\" class=\"wp-image-2265\" srcset=\"https:\/\/www.weissmanfred.hu\/wp-content\/uploads\/2021\/11\/0008-1024x724.jpg 1024w, https:\/\/www.weissmanfred.hu\/wp-content\/uploads\/2021\/11\/0008-300x212.jpg 300w, https:\/\/www.weissmanfred.hu\/wp-content\/uploads\/2021\/11\/0008-768x543.jpg 768w, https:\/\/www.weissmanfred.hu\/wp-content\/uploads\/2021\/11\/0008-1536x1086.jpg 1536w, https:\/\/www.weissmanfred.hu\/wp-content\/uploads\/2021\/11\/0008-400x284.jpg 400w, https:\/\/www.weissmanfred.hu\/wp-content\/uploads\/2021\/11\/0008-1080x764.jpg 1080w, https:\/\/www.weissmanfred.hu\/wp-content\/uploads\/2021\/11\/0008-1280x905.jpg 1280w, https:\/\/www.weissmanfred.hu\/wp-content\/uploads\/2021\/11\/0008-980x693.jpg 980w, https:\/\/www.weissmanfred.hu\/wp-content\/uploads\/2021\/11\/0008-480x339.jpg 480w, https:\/\/www.weissmanfred.hu\/wp-content\/uploads\/2021\/11\/0008.jpg 1683w\" sizes=\"auto, (max-width: 1024px) 100vw, 1024px\" \/><\/figure>\n\n\n\n<figure class=\"wp-block-image size-large\"><img loading=\"lazy\" decoding=\"async\" width=\"1024\" height=\"724\" src=\"https:\/\/weissmanfred.hu\/wp-content\/uploads\/2021\/11\/0009-1024x724.jpg\" alt=\"\" class=\"wp-image-2268\" srcset=\"https:\/\/www.weissmanfred.hu\/wp-content\/uploads\/2021\/11\/0009-1024x724.jpg 1024w, https:\/\/www.weissmanfred.hu\/wp-content\/uploads\/2021\/11\/0009-300x212.jpg 300w, https:\/\/www.weissmanfred.hu\/wp-content\/uploads\/2021\/11\/0009-768x543.jpg 768w, https:\/\/www.weissmanfred.hu\/wp-content\/uploads\/2021\/11\/0009-1536x1086.jpg 1536w, https:\/\/www.weissmanfred.hu\/wp-content\/uploads\/2021\/11\/0009-400x284.jpg 400w, https:\/\/www.weissmanfred.hu\/wp-content\/uploads\/2021\/11\/0009-1080x764.jpg 1080w, https:\/\/www.weissmanfred.hu\/wp-content\/uploads\/2021\/11\/0009-1280x905.jpg 1280w, https:\/\/www.weissmanfred.hu\/wp-content\/uploads\/2021\/11\/0009-980x693.jpg 980w, https:\/\/www.weissmanfred.hu\/wp-content\/uploads\/2021\/11\/0009-480x339.jpg 480w, https:\/\/www.weissmanfred.hu\/wp-content\/uploads\/2021\/11\/0009.jpg 1683w\" sizes=\"auto, (max-width: 1024px) 100vw, 1024px\" \/><\/figure>\n\n\n\n<figure class=\"wp-block-image size-large\"><img loading=\"lazy\" decoding=\"async\" width=\"1024\" height=\"724\" src=\"https:\/\/weissmanfred.hu\/wp-content\/uploads\/2021\/11\/0010-1024x724.jpg\" alt=\"\" class=\"wp-image-2271\" srcset=\"https:\/\/www.weissmanfred.hu\/wp-content\/uploads\/2021\/11\/0010-1024x724.jpg 1024w, https:\/\/www.weissmanfred.hu\/wp-content\/uploads\/2021\/11\/0010-300x212.jpg 300w, https:\/\/www.weissmanfred.hu\/wp-content\/uploads\/2021\/11\/0010-768x543.jpg 768w, https:\/\/www.weissmanfred.hu\/wp-content\/uploads\/2021\/11\/0010-1536x1086.jpg 1536w, https:\/\/www.weissmanfred.hu\/wp-content\/uploads\/2021\/11\/0010-400x284.jpg 400w, https:\/\/www.weissmanfred.hu\/wp-content\/uploads\/2021\/11\/0010-1080x764.jpg 1080w, https:\/\/www.weissmanfred.hu\/wp-content\/uploads\/2021\/11\/0010-1280x905.jpg 1280w, https:\/\/www.weissmanfred.hu\/wp-content\/uploads\/2021\/11\/0010-980x693.jpg 980w, https:\/\/www.weissmanfred.hu\/wp-content\/uploads\/2021\/11\/0010-480x339.jpg 480w, https:\/\/www.weissmanfred.hu\/wp-content\/uploads\/2021\/11\/0010.jpg 1683w\" sizes=\"auto, (max-width: 1024px) 100vw, 1024px\" \/><\/figure>","protected":false},"excerpt":{"rendered":"","protected":false},"author":1,"featured_media":0,"parent":0,"menu_order":0,"comment_status":"closed","ping_status":"closed","template":"","meta":{"_et_pb_use_builder":"off","_et_pb_old_content":"","_et_gb_content_width":"","footnotes":""},"class_list":["post-2242","page","type-page","status-publish","hentry"],"_links":{"self":[{"href":"https:\/\/www.weissmanfred.hu\/en\/wp-json\/wp\/v2\/pages\/2242","targetHints":{"allow":["GET"]}}],"collection":[{"href":"https:\/\/www.weissmanfred.hu\/en\/wp-json\/wp\/v2\/pages"}],"about":[{"href":"https:\/\/www.weissmanfred.hu\/en\/wp-json\/wp\/v2\/types\/page"}],"author":[{"embeddable":true,"href":"https:\/\/www.weissmanfred.hu\/en\/wp-json\/wp\/v2\/users\/1"}],"replies":[{"embeddable":true,"href":"https:\/\/www.weissmanfred.hu\/en\/wp-json\/wp\/v2\/comments?post=2242"}],"version-history":[{"count":1,"href":"https:\/\/www.weissmanfred.hu\/en\/wp-json\/wp\/v2\/pages\/2242\/revisions"}],"predecessor-version":[{"id":2274,"href":"https:\/\/www.weissmanfred.hu\/en\/wp-json\/wp\/v2\/pages\/2242\/revisions\/2274"}],"wp:attachment":[{"href":"https:\/\/www.weissmanfred.hu\/en\/wp-json\/wp\/v2\/media?parent=2242"}],"curies":[{"name":"wp","href":"https:\/\/api.w.org\/{rel}","templated":true}]}}