{"id":593,"date":"2019-03-30T18:25:38","date_gmt":"2019-03-30T18:25:38","guid":{"rendered":"https:\/\/demo.hellowp.io\/20\/?page_id=17316"},"modified":"2023-04-17T09:14:32","modified_gmt":"2023-04-17T09:14:32","slug":"palyazat","status":"publish","type":"page","link":"https:\/\/www.weissmanfred.hu\/en\/palyazat\/","title":{"rendered":"P\u00e1ly\u00e1za"},"content":{"rendered":"<p>[et_pb_section fb_built=&#8221;1&#8243; _builder_version=&#8221;4.16&#8243; background_image=&#8221;https:\/\/weissmanfred.hu\/wp-content\/uploads\/2021\/10\/proba2.png&#8221; custom_padding=&#8221;35px|0px|0|0px|false|false&#8221; global_colors_info=&#8221;{}&#8221;][et_pb_row _builder_version=&#8221;4.16&#8243; custom_padding=&#8221;27px|0px|0|0px|false|false&#8221; global_colors_info=&#8221;{}&#8221;][et_pb_column type=&#8221;4_4&#8243; _builder_version=&#8221;4.16&#8243; custom_padding=&#8221;|||&#8221; global_colors_info=&#8221;{}&#8221; custom_padding__hover=&#8221;|||&#8221;][et_pb_text _builder_version=&#8221;4.16&#8243; text_font=&#8221;||||||||&#8221; text_text_color=&#8221;#cc2002&#8243; text_font_size=&#8221;20px&#8221; header_font=&#8221;||||||||&#8221; header_text_color=&#8221;#ffffff&#8221; header_font_size=&#8221;45px&#8221; custom_padding=&#8221;||133px|||&#8221; global_colors_info=&#8221;{}&#8221; custom_margin=&#8221;||-25px|||&#8221;]<\/p>\n<h1>Subsidies<\/h1>\n<p>Csepel Metall Vas\u00f6nt\u00f6de Kft.<\/p>\n<p>&nbsp;<\/p>\n<p>[\/et_pb_text][\/et_pb_column][\/et_pb_row][\/et_pb_section][et_pb_section fb_built=&#8221;1&#8243; _builder_version=&#8221;4.16&#8243; use_background_color_gradient=&#8221;on&#8221; background_color_gradient_stops=&#8221;#f4f4f4 0%|#afafaf 100%&#8221; background_color_gradient_start=&#8221;#f4f4f4&#8243; background_color_gradient_end=&#8221;#afafaf&#8221; min_height=&#8221;1188.7px&#8221; custom_padding=&#8221;28px|0px|28px|0px|true|false&#8221; global_colors_info=&#8221;{}&#8221;][et_pb_row column_structure=&#8221;1_2,1_2&#8243; _builder_version=&#8221;4.16&#8243; global_colors_info=&#8221;{}&#8221;][et_pb_column type=&#8221;1_2&#8243; _builder_version=&#8221;4.16&#8243; custom_padding=&#8221;|||&#8221; global_colors_info=&#8221;{}&#8221; custom_padding__hover=&#8221;|||&#8221;][et_pb_text _builder_version=&#8221;4.16&#8243; text_font=&#8221;Nunito Sans||||||||&#8221; text_text_color=&#8221;#000000&#8243; text_font_size=&#8221;16px&#8221; text_line_height=&#8221;1.8em&#8221; header_font=&#8221;Nunito Sans|700|||||||&#8221; header_text_align=&#8221;center&#8221; header_text_color=&#8221;#000000&#8243; header_line_height=&#8221;1.3em&#8221; text_orientation=&#8221;center&#8221; max_width=&#8221;100%&#8221; module_alignment=&#8221;center&#8221; custom_margin=&#8221;|-54px||||&#8221; custom_padding=&#8221;|0px||||&#8221; global_colors_info=&#8221;{}&#8221;]<\/p>\n<h1>Our applications won<\/h1>\n<p>&nbsp;<\/p>\n<h5><strong>The zender of VEKOP -1.2.6-20-2020-01421, which grabted 70% of the contracted value supported  Csepel Metall Vas\u00f6nt\u00f6de Kft with HUF 53.67 million.\u00a0 <\/strong><strong>the Csepel Metall Vas\u00f6nt\u00f6de Kft.\u00a0<\/strong><\/h5>\n<p><strong><\/strong><\/p>\n<h4><span>Completion of the project 23\/08\/2021.<\/span><\/h4>\n<p>[\/et_pb_text][et_pb_divider divider_weight=&#8221;4px&#8221; _builder_version=&#8221;4.16&#8243; _module_preset=&#8221;default&#8221; custom_margin=&#8221;64px|-543px||||&#8221; custom_padding=&#8221;|0px|11px|||&#8221; box_shadow_style=&#8221;preset2&#8243; global_colors_info=&#8221;{}&#8221;][\/et_pb_divider][\/et_pb_column][et_pb_column type=&#8221;1_2&#8243; _builder_version=&#8221;4.16&#8243; custom_padding=&#8221;|||&#8221; global_colors_info=&#8221;{}&#8221; custom_padding__hover=&#8221;|||&#8221;][et_pb_image src=&#8221;https:\/\/weissmanfred.hu\/wp-content\/uploads\/2021\/11\/C-tabla&#8211;scaled-e1637575189479.jpg&#8221; title_text=&#8221;C t\u00e1bla&#8221; _builder_version=&#8221;4.16&#8243; _module_preset=&#8221;default&#8221; global_colors_info=&#8221;{}&#8221;][\/et_pb_image][\/et_pb_column][\/et_pb_row][et_pb_row _builder_version=&#8221;4.16&#8243; _module_preset=&#8221;default&#8221; global_colors_info=&#8221;{}&#8221;][et_pb_column type=&#8221;4_4&#8243; _builder_version=&#8221;4.16&#8243; _module_preset=&#8221;default&#8221; global_colors_info=&#8221;{}&#8221;][et_pb_text _builder_version=&#8221;4.16&#8243; text_font=&#8221;Nunito Sans||||||||&#8221; text_text_color=&#8221;#000000&#8243; text_font_size=&#8221;16px&#8221; text_line_height=&#8221;1.8em&#8221; header_font=&#8221;Nunito Sans|700|||||||&#8221; header_text_align=&#8221;center&#8221; header_text_color=&#8221;#000000&#8243; header_line_height=&#8221;1.3em&#8221; text_orientation=&#8221;center&#8221; max_width=&#8221;100%&#8221; module_alignment=&#8221;center&#8221; custom_margin=&#8221;|-36px||205px||&#8221; custom_padding=&#8221;0px|0px||||&#8221; global_colors_info=&#8221;{}&#8221;]<\/p>\n<p>&nbsp;<\/p>\n<h4>Developing of iron foundry technology at Csepel Metall Iron Foundry Limited Liability Company<\/h4>\n<p>&nbsp;<\/p>\n<p>VEKOP -1.2.6-20-2020-01421 tender<\/p>\n<p>During implementation of the project, we aimed to strengthen our future market position and increase operational safety<\/p>\n<p>With the forklifz LINDE H 50 D, we only move liquid cast iron, ensuring continuous production.<\/p>\n<p>The use of the CREAFORM Matrascan 750 optical 3D measuring instrument has greatly increased our customers' confidence in our products. We can check the dimensions and shape accuracy of the manufactured products more precisely.<\/p>\n<p>Increasing the capacity of the HC-2500 blasting equipment made it possible to clean castings that we have not been able to do so far. These are usually castings of large size and therefore high weight.<\/p>\n<p><span style=\"font-weight: 400;\">Our software developments also strengthen our quality assurance system. These software programs provide mechanical and structure inspection and evaluation of our castings. These are state-of-the-art evaluation softwares that eliminate any human error.<\/span><\/p>\n<p>[\/et_pb_text][\/et_pb_column][\/et_pb_row][et_pb_row column_structure=&#8221;1_5,1_5,1_5,1_5,1_5&#8243; use_custom_gutter=&#8221;on&#8221; gutter_width=&#8221;1&#8243; module_class=&#8221; et_pb_row_fullwidth&#8221; _builder_version=&#8221;4.16&#8243; width=&#8221;100%&#8221; width_tablet=&#8221;100%&#8221; width_phone=&#8221;&#8221; width_last_edited=&#8221;on|desktop&#8221; max_width=&#8221;100%&#8221; max_width_tablet=&#8221;100%&#8221; max_width_phone=&#8221;&#8221; max_width_last_edited=&#8221;on|desktop&#8221; custom_padding=&#8221;||25px|||&#8221; border_width_left=&#8221;7px&#8221; border_color_left=&#8221;#ffffff&#8221; make_fullwidth=&#8221;on&#8221; global_colors_info=&#8221;{}&#8221;][et_pb_column type=&#8221;1_5&#8243; _builder_version=&#8221;4.16&#8243; custom_padding=&#8221;|||&#8221; global_colors_info=&#8221;{}&#8221; custom_padding__hover=&#8221;|||&#8221;][et_pb_image src=&#8221;https:\/\/weissmanfred.hu\/wp-content\/uploads\/2021\/09\/Targonca&#8211;rotated.jpg&#8221; title_text=&#8221;Targonca-&#8221; show_in_lightbox=&#8221;on&#8221; align_tablet=&#8221;center&#8221; align_phone=&#8221;&#8221; align_last_edited=&#8221;on|desktop&#8221; _builder_version=&#8221;4.16&#8243; custom_padding=&#8221;||&#8221; border_width_right=&#8221;7px&#8221; border_color_right=&#8221;#ffffff&#8221; global_colors_info=&#8221;{}&#8221;][\/et_pb_image][et_pb_text _builder_version=&#8221;4.16&#8243; _module_preset=&#8221;default&#8221; width=&#8221;95.3%&#8221; module_alignment=&#8221;center&#8221; custom_margin=&#8221;10px|0px|0px|0px|false|false&#8221; custom_padding=&#8221;|30px||15px|false|false&#8221; box_shadow_style=&#8221;preset3&#8243; global_colors_info=&#8221;{}&#8221;]<\/p>\n<h5 style=\"text-align: left;\"><\/h5>\n<h5 style=\"text-align: left;\"><strong>\u00a0Forklift<\/strong><\/h5>\n<p style=\"text-align: left;\">Purchase of a LINDE H 50 D diesel 5 tonne forklift.<\/p>\n<p style=\"text-align: left;\">The forklifz is used to transport liquid metal from the  melting furnace to the casting site.<\/p>\n<p>[\/et_pb_text][\/et_pb_column][et_pb_column type=&#8221;1_5&#8243; _builder_version=&#8221;4.16&#8243; custom_padding=&#8221;|||&#8221; global_colors_info=&#8221;{}&#8221; custom_padding__hover=&#8221;|||&#8221;][et_pb_image src=&#8221;https:\/\/weissmanfred.hu\/wp-content\/uploads\/2021\/09\/Abraziv-1&#8211;scaled.jpg&#8221; title_text=&#8221;Abraziv-1-&#8221; show_in_lightbox=&#8221;on&#8221; align_tablet=&#8221;center&#8221; align_phone=&#8221;&#8221; align_last_edited=&#8221;on|desktop&#8221; _builder_version=&#8221;4.16&#8243; custom_padding=&#8221;62px||&#8221; border_width_right=&#8221;7px&#8221; border_color_right=&#8221;#ffffff&#8221; global_colors_info=&#8221;{}&#8221;][\/et_pb_image][et_pb_text _builder_version=&#8221;4.16&#8243; _module_preset=&#8221;default&#8221; width=&#8221;95.3%&#8221; module_alignment=&#8221;center&#8221; custom_margin=&#8221;10px|0px|0px|0px|false|false&#8221; custom_padding=&#8221;|30px||15px|false|false&#8221; box_shadow_style=&#8221;preset3&#8243; global_colors_info=&#8221;{}&#8221;]<\/p>\n<h5><strong>Lift of Shotblasting equipment<\/strong><\/h5>\n<p>Replacement of lifting unit of HC 2500 shotblasting equipment  The old lifting equipment was replaced with new KONECRANES lifts with a load capacity of 5 tons.<\/p>\n<p>&nbsp;<\/p>\n<p>&nbsp;<\/p>\n<p>[\/et_pb_text][\/et_pb_column][et_pb_column type=&#8221;1_5&#8243; _builder_version=&#8221;4.16&#8243; custom_padding=&#8221;|||&#8221; global_colors_info=&#8221;{}&#8221; custom_padding__hover=&#8221;|||&#8221;][et_pb_image src=&#8221;https:\/\/weissmanfred.hu\/wp-content\/uploads\/2021\/09\/szoftver-scaled.jpg&#8221; title_text=&#8221;szoftver&#8221; show_in_lightbox=&#8221;on&#8221; align_tablet=&#8221;center&#8221; align_phone=&#8221;&#8221; align_last_edited=&#8221;on|desktop&#8221; _builder_version=&#8221;4.16&#8243; custom_padding=&#8221;||&#8221; border_width_right=&#8221;7px&#8221; border_color_right=&#8221;#ffffff&#8221; global_colors_info=&#8221;{}&#8221;][\/et_pb_image][et_pb_text _builder_version=&#8221;4.16&#8243; _module_preset=&#8221;default&#8221; width=&#8221;95.3%&#8221; module_alignment=&#8221;center&#8221; custom_margin=&#8221;10px|0px|0px|0px|false|false&#8221; custom_padding=&#8221;|30px||15px|false|false&#8221; box_shadow_style=&#8221;preset3&#8243; global_colors_info=&#8221;{}&#8221;]<\/p>\n<h5><strong>PURCHASING ZEISS ZEN CORE SOFTWARE<\/strong><\/h5>\n<p>ZEN Core software is able to evaluate the iron structure, determine the shape. eize and distribution of structure elements as a percentage of the area.<\/p>\n<p>The Zen module is capable of determining the particle size and area also in case of multiphase samples as well as of detecting porosity.<\/p>\n<p>[\/et_pb_text][\/et_pb_column][et_pb_column type=&#8221;1_5&#8243; _builder_version=&#8221;4.16&#8243; custom_padding=&#8221;|||&#8221; global_colors_info=&#8221;{}&#8221; custom_padding__hover=&#8221;|||&#8221;][et_pb_image src=&#8221;https:\/\/weissmanfred.hu\/wp-content\/uploads\/2021\/09\/Inteszt-2-scaled.jpg&#8221; title_text=&#8221;Inteszt 2&#8243; show_in_lightbox=&#8221;on&#8221; align_tablet=&#8221;center&#8221; align_phone=&#8221;&#8221; align_last_edited=&#8221;on|desktop&#8221; _builder_version=&#8221;4.16&#8243; custom_padding=&#8221;62px||&#8221; border_width_right=&#8221;7px&#8221; border_color_right=&#8221;#ffffff&#8221; global_colors_info=&#8221;{}&#8221;][\/et_pb_image][et_pb_text _builder_version=&#8221;4.16&#8243; _module_preset=&#8221;default&#8221; width=&#8221;95.3%&#8221; module_alignment=&#8221;center&#8221; custom_margin=&#8221;10px|0px|0px|0px|false|false&#8221; custom_padding=&#8221;|30px||15px|false|false&#8221; box_shadow_style=&#8221;preset3&#8243; global_colors_info=&#8221;{}&#8221;]<\/p>\n<h5><strong>INSTRON tensile strength tester software update<\/strong><\/h5>\n<p>Bluehill Universal is INSTRON's state-of-the-art, high-end material testing and product testing application software package that meets the development needs of other apps.<\/p>\n<p>[\/et_pb_text][\/et_pb_column][et_pb_column type=&#8221;1_5&#8243; _builder_version=&#8221;4.16&#8243; custom_padding=&#8221;|||&#8221; global_colors_info=&#8221;{}&#8221; custom_padding__hover=&#8221;|||&#8221;][et_pb_image src=&#8221;https:\/\/weissmanfred.hu\/wp-content\/uploads\/2021\/09\/Werth-5-jpg-scaled.jpg&#8221; title_text=&#8221;Werth 5 jpg&#8221; show_in_lightbox=&#8221;on&#8221; align_tablet=&#8221;center&#8221; align_phone=&#8221;&#8221; align_last_edited=&#8221;on|desktop&#8221; _builder_version=&#8221;4.16&#8243; custom_padding=&#8221;||&#8221; border_width_right=&#8221;7px&#8221; border_color_right=&#8221;#ffffff&#8221; global_colors_info=&#8221;{}&#8221;][\/et_pb_image][et_pb_text _builder_version=&#8221;4.16&#8243; _module_preset=&#8221;default&#8221; width=&#8221;95.3%&#8221; module_alignment=&#8221;center&#8221; custom_margin=&#8221;10px|0px|0px|0px|false|false&#8221; custom_padding=&#8221;|30px||15px|false|false&#8221; box_shadow_style=&#8221;preset3&#8243; global_colors_info=&#8221;{}&#8221;]<\/p>\n<h5><strong>CREAFORM MetraSCAN 750 optical 3D measuring system<\/strong><\/h5>\n<p>The easy-to-use scanner ensures that measurement tasks can be completed quickly. Thanks to the passive reflecting points, the casting to be measured can be measured around without further calibration. The measuring range can be extended with a minimum deterioration with accuracy (0.15 mm \/ m).The MetraSCAN system is suitable for scanning glossy surfaces without use of any treatment, dusting or spraying, which saves a lot of time in the production process of large castings.<\/p>\n<p>The MetraSCAN system is suitable for scanning glossy surfaces without the use of treatment, dusting or spraying, which saves a lot of time in the production process of large parts.<\/p>\n<p>[\/et_pb_text][\/et_pb_column][\/et_pb_row][\/et_pb_section][et_pb_section fb_built=&#8221;1&#8243; _builder_version=&#8221;4.16&#8243; _module_preset=&#8221;default&#8221; background_image=&#8221;https:\/\/weissmanfred.hu\/wp-content\/uploads\/2021\/10\/IMG-5966.jpg&#8221; min_height=&#8221;381.5px&#8221; custom_padding=&#8221;0px|||||&#8221; global_colors_info=&#8221;{}&#8221;][\/et_pb_section]<\/p>","protected":false},"excerpt":{"rendered":"<p>P\u00e1ly\u00e1zatok Csepel Metall Vas\u00f6nt\u00f6de Kft. &nbsp;Elnyert p\u00e1ly\u00e1zataink &nbsp; A VEKOP -1.2.6-20-2020-01421-es\u00a0 p\u00e1ly\u00e1zat, ami 70 % m\u00e9rt\u00e9kben,\u00a0 \u00a053,67 milli\u00f3 forint szerz\u0151d\u00f6tt t\u00e1mogat\u00e1st biztos\u00edtott a Csepel Metall Vas\u00f6nt\u00f6de Kft.-nek\u00a0 A projekt befejez\u00e9se 2021.08.23.&nbsp; Vas\u00f6nt\u00e9szeti technol\u00f3gia fejleszt\u00e9se a Csepel Metall Vas\u00f6nt\u00f6de Korl\u00e1tolt Felel\u0151ss\u00e9g\u0171 T\u00e1rsas\u00e1g &nbsp; VEKOP -1.2.6-20-2020-01421 p\u00e1ly\u00e1zata A projekt megval\u00f3s\u00edt\u00e1sa sor\u00e1n a j\u00f6v\u0151beni piaci poz\u00edci\u00f3ink er\u0151s\u00edt\u00e9s\u00e9t \u00e9s [&hellip;]<\/p>","protected":false},"author":1,"featured_media":0,"parent":0,"menu_order":0,"comment_status":"closed","ping_status":"closed","template":"","meta":{"_et_pb_use_builder":"on","_et_pb_old_content":"","_et_gb_content_width":"","footnotes":""},"class_list":["post-593","page","type-page","status-publish","hentry"],"_links":{"self":[{"href":"https:\/\/www.weissmanfred.hu\/en\/wp-json\/wp\/v2\/pages\/593","targetHints":{"allow":["GET"]}}],"collection":[{"href":"https:\/\/www.weissmanfred.hu\/en\/wp-json\/wp\/v2\/pages"}],"about":[{"href":"https:\/\/www.weissmanfred.hu\/en\/wp-json\/wp\/v2\/types\/page"}],"author":[{"embeddable":true,"href":"https:\/\/www.weissmanfred.hu\/en\/wp-json\/wp\/v2\/users\/1"}],"replies":[{"embeddable":true,"href":"https:\/\/www.weissmanfred.hu\/en\/wp-json\/wp\/v2\/comments?post=593"}],"version-history":[{"count":68,"href":"https:\/\/www.weissmanfred.hu\/en\/wp-json\/wp\/v2\/pages\/593\/revisions"}],"predecessor-version":[{"id":2979,"href":"https:\/\/www.weissmanfred.hu\/en\/wp-json\/wp\/v2\/pages\/593\/revisions\/2979"}],"wp:attachment":[{"href":"https:\/\/www.weissmanfred.hu\/en\/wp-json\/wp\/v2\/media?parent=593"}],"curies":[{"name":"wp","href":"https:\/\/api.w.org\/{rel}","templated":true}]}}