{"id":638,"date":"2019-03-23T13:44:46","date_gmt":"2019-03-23T13:44:46","guid":{"rendered":"https:\/\/demo.hellowp.io\/20\/?page_id=28"},"modified":"2022-02-28T14:12:03","modified_gmt":"2022-02-28T14:12:03","slug":"aszf","status":"publish","type":"page","link":"https:\/\/www.weissmanfred.hu\/en\/aszf\/","title":{"rendered":"GTC"},"content":{"rendered":"<p>Sz\u00f6vegez\u00e9sre v\u00e1r<\/p>","protected":false},"excerpt":{"rendered":"<p>Sz\u00f6vegez\u00e9sre v\u00e1r<\/p>","protected":false},"author":1,"featured_media":0,"parent":0,"menu_order":0,"comment_status":"closed","ping_status":"closed","template":"","meta":{"_et_pb_use_builder":"","_et_pb_old_content":"","_et_gb_content_width":"","footnotes":""},"class_list":["post-638","page","type-page","status-publish","hentry"],"_links":{"self":[{"href":"https:\/\/www.weissmanfred.hu\/en\/wp-json\/wp\/v2\/pages\/638","targetHints":{"allow":["GET"]}}],"collection":[{"href":"https:\/\/www.weissmanfred.hu\/en\/wp-json\/wp\/v2\/pages"}],"about":[{"href":"https:\/\/www.weissmanfred.hu\/en\/wp-json\/wp\/v2\/types\/page"}],"author":[{"embeddable":true,"href":"https:\/\/www.weissmanfred.hu\/en\/wp-json\/wp\/v2\/users\/1"}],"replies":[{"embeddable":true,"href":"https:\/\/www.weissmanfred.hu\/en\/wp-json\/wp\/v2\/comments?post=638"}],"version-history":[{"count":3,"href":"https:\/\/www.weissmanfred.hu\/en\/wp-json\/wp\/v2\/pages\/638\/revisions"}],"predecessor-version":[{"id":2235,"href":"https:\/\/www.weissmanfred.hu\/en\/wp-json\/wp\/v2\/pages\/638\/revisions\/2235"}],"wp:attachment":[{"href":"https:\/\/www.weissmanfred.hu\/en\/wp-json\/wp\/v2\/media?parent=638"}],"curies":[{"name":"wp","href":"https:\/\/api.w.org\/{rel}","templated":true}]}}